{"id":1468,"date":"2023-09-04T07:42:48","date_gmt":"2023-09-04T07:42:48","guid":{"rendered":"https:\/\/www.adelformation.com\/fr\/?page_id=1468"},"modified":"2024-02-06T22:30:11","modified_gmt":"2024-02-06T22:30:11","slug":"ressources-humaines","status":"publish","type":"page","link":"https:\/\/adelformation.com\/en\/home\/services\/human-ressources\/","title":{"rendered":"Human ressources"},"content":{"rendered":"\n<figure class=\"wp-block-image size-full\"><a href=\"https:\/\/www.adelformation.com\/wp-content\/uploads\/2015\/03\/PHOTO-2-Blois-une-conference-sur-l-innovation-a-l-international-chez-Procter-Gamble_large-d\u00e9coup\u00e9e.jpg\"><img loading=\"lazy\" decoding=\"async\" width=\"589\" height=\"218\" src=\"https:\/\/www.adelformation.com\/wp-content\/uploads\/2015\/03\/PHOTO-2-Blois-une-conference-sur-l-innovation-a-l-international-chez-Procter-Gamble_large-d\u00e9coup\u00e9e.jpg\" alt=\"\" class=\"wp-image-718\" srcset=\"https:\/\/adelformation.com\/wp-content\/uploads\/2015\/03\/PHOTO-2-Blois-une-conference-sur-l-innovation-a-l-international-chez-Procter-Gamble_large-d\u00e9coup\u00e9e.jpg 589w, https:\/\/adelformation.com\/wp-content\/uploads\/2015\/03\/PHOTO-2-Blois-une-conference-sur-l-innovation-a-l-international-chez-Procter-Gamble_large-d\u00e9coup\u00e9e-300x111.jpg 300w, https:\/\/adelformation.com\/wp-content\/uploads\/2015\/03\/PHOTO-2-Blois-une-conference-sur-l-innovation-a-l-international-chez-Procter-Gamble_large-d\u00e9coup\u00e9e-100x37.jpg 100w\" sizes=\"auto, (max-width: 589px) 100vw, 589px\" \/><\/a><\/figure>\n\n\n\n<p>La fonction RH dans ses quatre principaux r\u00f4les agit sur le pr\u00e9sent op\u00e9rationnel et le futur strat\u00e9gique. Ainsi elle a besoin des outils qui sans cesse \u00e9voluent d&#8217;o\u00f9 la n\u00e9cessit\u00e9 de se former r\u00e9guli\u00e8rement afin d&#8217;\u00eatre en phase avec cette dynamique.<\/p>\n\n\n\n<p><\/p>\n\n\n\n<p><\/p>\n\n\n\n<p><strong>NOS FORMATIONS<\/strong><\/p>\n\n\n\n<p><\/p>\n\n\n\n<p><\/p>\n\n\n\n<p><\/p>\n\n\n\n<p><\/p>\n","protected":false},"excerpt":{"rendered":"<p>La fonction RH dans ses quatre principaux r\u00f4les agit sur le pr\u00e9sent op\u00e9rationnel et le futur strat\u00e9gique. Ainsi elle a besoin des outils qui sans cesse \u00e9voluent d&#8217;o\u00f9 la n\u00e9cessit\u00e9 de se former r\u00e9guli\u00e8rement afin d&#8217;\u00eatre en phase avec cette dynamique. NOS FORMATIONS<\/p>\n","protected":false},"author":1,"featured_media":0,"parent":48,"menu_order":0,"comment_status":"closed","ping_status":"closed","template":"","meta":{"footnotes":""},"class_list":["post-1468","page","type-page","status-publish","hentry","no-post-thumbnail"],"_links":{"self":[{"href":"https:\/\/adelformation.com\/en\/wp-json\/wp\/v2\/pages\/1468","targetHints":{"allow":["GET"]}}],"collection":[{"href":"https:\/\/adelformation.com\/en\/wp-json\/wp\/v2\/pages"}],"about":[{"href":"https:\/\/adelformation.com\/en\/wp-json\/wp\/v2\/types\/page"}],"author":[{"embeddable":true,"href":"https:\/\/adelformation.com\/en\/wp-json\/wp\/v2\/users\/1"}],"replies":[{"embeddable":true,"href":"https:\/\/adelformation.com\/en\/wp-json\/wp\/v2\/comments?post=1468"}],"version-history":[{"count":12,"href":"https:\/\/adelformation.com\/en\/wp-json\/wp\/v2\/pages\/1468\/revisions"}],"predecessor-version":[{"id":1571,"href":"https:\/\/adelformation.com\/en\/wp-json\/wp\/v2\/pages\/1468\/revisions\/1571"}],"up":[{"embeddable":true,"href":"https:\/\/adelformation.com\/en\/wp-json\/wp\/v2\/pages\/48"}],"wp:attachment":[{"href":"https:\/\/adelformation.com\/en\/wp-json\/wp\/v2\/media?parent=1468"}],"curies":[{"name":"wp","href":"https:\/\/api.w.org\/{rel}","templated":true}]}}