{"id":1042,"date":"2017-01-25T22:42:50","date_gmt":"2017-01-25T22:42:50","guid":{"rendered":"http:\/\/adelformation.com\/fr\/?page_id=1042"},"modified":"2023-10-13T14:09:40","modified_gmt":"2023-10-13T14:09:40","slug":"ccccccccccccccccccccccccccc","status":"publish","type":"page","link":"https:\/\/adelformation.com\/fr\/ccccccccccccccccccccccccccc\/","title":{"rendered":"ccccccccccccccccccccccccccc"},"content":{"rendered":"\n<figure class=\"wp-block-image size-large\"><a href=\"https:\/\/www.adelformation.com\/wp-content\/uploads\/2023\/09\/ASSURANCE-ACCIDENT.png\"><img loading=\"lazy\" decoding=\"async\" width=\"1024\" height=\"557\" src=\"https:\/\/www.adelformation.com\/wp-content\/uploads\/2023\/09\/ASSURANCE-ACCIDENT-1024x557.png\" alt=\"\" class=\"wp-image-1490\" srcset=\"https:\/\/adelformation.com\/wp-content\/uploads\/2023\/09\/ASSURANCE-ACCIDENT-1024x557.png 1024w, https:\/\/adelformation.com\/wp-content\/uploads\/2023\/09\/ASSURANCE-ACCIDENT-300x163.png 300w, https:\/\/adelformation.com\/wp-content\/uploads\/2023\/09\/ASSURANCE-ACCIDENT-768x418.png 768w, https:\/\/adelformation.com\/wp-content\/uploads\/2023\/09\/ASSURANCE-ACCIDENT-100x54.png 100w, https:\/\/adelformation.com\/wp-content\/uploads\/2023\/09\/ASSURANCE-ACCIDENT-1073x584.png 1073w, https:\/\/adelformation.com\/wp-content\/uploads\/2023\/09\/ASSURANCE-ACCIDENT-846x460.png 846w, https:\/\/adelformation.com\/wp-content\/uploads\/2023\/09\/ASSURANCE-ACCIDENT-864x470.png 864w, https:\/\/adelformation.com\/wp-content\/uploads\/2023\/09\/ASSURANCE-ACCIDENT.png 1136w\" sizes=\"auto, (max-width: 1024px) 100vw, 1024px\" \/><\/a><\/figure>\n\n\n<p><strong>BILAN ANNUEL RETOURS STAGIAIRES ANNEES 202\/2020\/2022 (r\u00e9f\u00e9rentiel QUALIOPI)<\/strong><\/p>\n<p>Nb d&rsquo;entreprises form\u00e9es :\u00a0 \u00a0 \u00a0 \u00a0 \u00a0 \u00a0 \u00a0 \u00a0 \u00a0 \u00a0 \u00a0 \u00a0 \u00a0 \u00a0 \u00a0 \u00a0 \u00a0 5<\/p>\n<p>Taux de satisfaction<\/p>\n<ul>\n<li>tres satisfait :\u00a0 \u00a0 \u00a0 \u00a0 \u00a0 \u00a0 \u00a0 \u00a0 \u00a0 \u00a0 \u00a0 \u00a0 \u00a0 \u00a0 \u00a0 \u00a0 \u00a0 \u00a0 \u00a0 \u00a0 \u00a0 \u00a0 75 %<\/li>\n<li>satisfait\u00a0 \u00a0 \u00a0 \u00a0 \u00a0 \u00a0 \u00a0 \u00a0 \u00a0 \u00a0 \u00a0 \u00a0 \u00a0 \u00a0 \u00a0 \u00a0 \u00a0 \u00a0 \u00a0 \u00a0 \u00a0 \u00a0 \u00a0 \u00a0 \u00a0 \u00a0 \u00a025 %<\/li>\n<li>cccccc<\/li>\n<li><a href=\"https:\/\/www.adelformation.com\/wp-content\/uploads\/2021\/01\/Les-instruments-et-techniques-de-paiement-utilises-a-lint-ver-site-QUALIOPI1.pdf\">xxxxxxxxxxx<\/a><\/li>\n<\/ul>\n\n\n<h2 class=\"wp-block-heading\"><\/h2>\n","protected":false},"excerpt":{"rendered":"<p>BILAN ANNUEL RETOURS STAGIAIRES ANNEES 202\/2020\/2022 (r\u00e9f\u00e9rentiel QUALIOPI) Nb d&rsquo;entreprises form\u00e9es :\u00a0 \u00a0 \u00a0 \u00a0 \u00a0 \u00a0 \u00a0 \u00a0 \u00a0 \u00a0 \u00a0 \u00a0 \u00a0 \u00a0 \u00a0 \u00a0 \u00a0 5 Taux de satisfaction tres satisfait :\u00a0 \u00a0 \u00a0 \u00a0 \u00a0 \u00a0 \u00a0 \u00a0 \u00a0 \u00a0 \u00a0 \u00a0 \u00a0 \u00a0 \u00a0 \u00a0 \u00a0 \u00a0 \u00a0 \u00a0 \u00a0 \u00a0 75 % satisfait\u00a0 \u00a0 &#8230; <\/p>\n<div><a href=\"https:\/\/adelformation.com\/fr\/ccccccccccccccccccccccccccc\/\" class=\"more-link\">Read More<\/a><\/div>\n","protected":false},"author":2,"featured_media":0,"parent":0,"menu_order":0,"comment_status":"closed","ping_status":"open","template":"","meta":{"footnotes":""},"class_list":["post-1042","page","type-page","status-publish","hentry","no-post-thumbnail"],"_links":{"self":[{"href":"https:\/\/adelformation.com\/fr\/wp-json\/wp\/v2\/pages\/1042","targetHints":{"allow":["GET"]}}],"collection":[{"href":"https:\/\/adelformation.com\/fr\/wp-json\/wp\/v2\/pages"}],"about":[{"href":"https:\/\/adelformation.com\/fr\/wp-json\/wp\/v2\/types\/page"}],"author":[{"embeddable":true,"href":"https:\/\/adelformation.com\/fr\/wp-json\/wp\/v2\/users\/2"}],"replies":[{"embeddable":true,"href":"https:\/\/adelformation.com\/fr\/wp-json\/wp\/v2\/comments?post=1042"}],"version-history":[{"count":36,"href":"https:\/\/adelformation.com\/fr\/wp-json\/wp\/v2\/pages\/1042\/revisions"}],"predecessor-version":[{"id":1518,"href":"https:\/\/adelformation.com\/fr\/wp-json\/wp\/v2\/pages\/1042\/revisions\/1518"}],"wp:attachment":[{"href":"https:\/\/adelformation.com\/fr\/wp-json\/wp\/v2\/media?parent=1042"}],"curies":[{"name":"wp","href":"https:\/\/api.w.org\/{rel}","templated":true}]}}