{"id":105,"date":"2015-03-03T13:36:56","date_gmt":"2015-03-03T13:36:56","guid":{"rendered":"http:\/\/adelformation.com\/fr\/?page_id=105"},"modified":"2015-04-03T23:57:43","modified_gmt":"2015-04-03T23:57:43","slug":"nos-engagements","status":"publish","type":"page","link":"https:\/\/adelformation.com\/fr\/accueil\/qui-sommes-nous\/nos-engagements\/","title":{"rendered":"Nos engagements"},"content":{"rendered":"<img loading=\"lazy\" decoding=\"async\" class=\" wp-image-379 size-full aligncenter\" src=\"http:\/\/adelformation.com\/wp-content\/uploads\/2015\/03\/120.jpg\" alt=\"120\" width=\"589\" height=\"218\" srcset=\"https:\/\/adelformation.com\/wp-content\/uploads\/2015\/03\/120.jpg 589w, https:\/\/adelformation.com\/wp-content\/uploads\/2015\/03\/120-300x111.jpg 300w, https:\/\/adelformation.com\/wp-content\/uploads\/2015\/03\/120-100x37.jpg 100w\" sizes=\"auto, (max-width: 589px) 100vw, 589px\" \/><\/p>\n<p style=\"text-align: justify;\"><strong>D\u00e9finir les actions en accord avec l\u2019Entreprise<\/strong><\/p>\n<p style=\"text-align: justify;\">Une d\u00e9termination pr\u00e9cise des besoins, commen\u00e7ant par un \u00e9tat des lieux, un plan d\u2019action combin\u00e9 avec des d\u00e9lais et un devis pr\u00e9cis correspondant aux attentes r\u00e9elles de l\u2019entreprise.<\/p>\n<p style=\"text-align: justify;\"><strong>La mission<\/strong><\/p>\n<p style=\"text-align: justify;\">Les comp\u00e9tences op\u00e9rationnelles des consultants experts,<\/p>\n<p style=\"text-align: justify;\">La ma\u00eetrise du management du projet,<\/p>\n<p style=\"text-align: justify;\">Une approche globale de vos probl\u00e9matiques ainsi que les solutions correspondantes,<\/p>\n<p style=\"text-align: justify;\"><strong>Le suivi de la mission<\/strong><\/p>\n<p style=\"text-align: justify;\">Une \u00e9thique irr\u00e9prochable (confidentialit\u00e9, impartialit\u00e9, comp\u00e9tences, r\u00e9activit\u00e9, une double supervision de la mission par un autre consultant\u2026)<\/p>","protected":false},"excerpt":{"rendered":"<p>D\u00e9finir les actions en accord avec l\u2019Entreprise Une d\u00e9termination pr\u00e9cise des besoins, commen\u00e7ant par un \u00e9tat des lieux, un plan d\u2019action combin\u00e9 avec des d\u00e9lais et un devis pr\u00e9cis correspondant aux attentes r\u00e9elles de l\u2019entreprise. La mission Les comp\u00e9tences op\u00e9rationnelles des consultants experts, La ma\u00eetrise du management du projet, Une approche globale de vos probl\u00e9matiques ainsi que les solutions correspondantes, &#8230; <\/p>\n<div><a href=\"https:\/\/adelformation.com\/fr\/accueil\/qui-sommes-nous\/nos-engagements\/\" class=\"more-link\">Read More<\/a><\/div>\n","protected":false},"author":1,"featured_media":0,"parent":230,"menu_order":0,"comment_status":"closed","ping_status":"closed","template":"","meta":{"footnotes":""},"class_list":["post-105","page","type-page","status-publish","hentry","no-post-thumbnail"],"_links":{"self":[{"href":"https:\/\/adelformation.com\/fr\/wp-json\/wp\/v2\/pages\/105","targetHints":{"allow":["GET"]}}],"collection":[{"href":"https:\/\/adelformation.com\/fr\/wp-json\/wp\/v2\/pages"}],"about":[{"href":"https:\/\/adelformation.com\/fr\/wp-json\/wp\/v2\/types\/page"}],"author":[{"embeddable":true,"href":"https:\/\/adelformation.com\/fr\/wp-json\/wp\/v2\/users\/1"}],"replies":[{"embeddable":true,"href":"https:\/\/adelformation.com\/fr\/wp-json\/wp\/v2\/comments?post=105"}],"version-history":[{"count":22,"href":"https:\/\/adelformation.com\/fr\/wp-json\/wp\/v2\/pages\/105\/revisions"}],"predecessor-version":[{"id":801,"href":"https:\/\/adelformation.com\/fr\/wp-json\/wp\/v2\/pages\/105\/revisions\/801"}],"up":[{"embeddable":true,"href":"https:\/\/adelformation.com\/fr\/wp-json\/wp\/v2\/pages\/230"}],"wp:attachment":[{"href":"https:\/\/adelformation.com\/fr\/wp-json\/wp\/v2\/media?parent=105"}],"curies":[{"name":"wp","href":"https:\/\/api.w.org\/{rel}","templated":true}]}}