{"id":107,"date":"2015-03-03T13:37:42","date_gmt":"2015-03-03T13:37:42","guid":{"rendered":"http:\/\/adelformation.com\/fr\/?page_id=107"},"modified":"2024-02-09T11:26:49","modified_gmt":"2024-02-09T11:26:49","slug":"mentions-legales","status":"publish","type":"page","link":"https:\/\/adelformation.com\/fr\/accueil\/qui-sommes-nous\/mentions-legales\/","title":{"rendered":"Mentions l\u00e9gales"},"content":{"rendered":"<img loading=\"lazy\" decoding=\"async\" class=\"aligncenter wp-image-372 size-full\" src=\"http:\/\/adelformation.com\/wp-content\/uploads\/2015\/03\/119.jpg\" alt=\"119\" width=\"589\" height=\"218\" srcset=\"https:\/\/adelformation.com\/wp-content\/uploads\/2015\/03\/119.jpg 589w, https:\/\/adelformation.com\/wp-content\/uploads\/2015\/03\/119-300x111.jpg 300w, https:\/\/adelformation.com\/wp-content\/uploads\/2015\/03\/119-100x37.jpg 100w\" sizes=\"auto, (max-width: 589px) 100vw, 589px\" \/><\/p>\n<p style=\"text-align: justify;\"><strong>PROPRIETE INTELLECTUELLE<\/strong><\/p>\n<p style=\"text-align: justify;\"><strong><br \/>\n<\/strong><strong>Copyright<\/strong><\/p>\n<p style=\"text-align: justify;\">Pour obtenir des renseignements sur les droits d&rsquo;utilisation du contenu du site, merci de nous contacter.<\/p>\n<p style=\"text-align: justify;\">L&rsquo;ensemble des contenus du site www.adelformation.com (textes, scripts, ic\u00f4nes et images) est la propri\u00e9t\u00e9 exclusive de la soci\u00e9t\u00e9 <strong>Adel Consulting<\/strong>. Tous les droits de reproduction ou de repr\u00e9sentation de ceux-ci sont r\u00e9serv\u00e9s.<\/p>\n<p style=\"text-align: justify;\"><strong><br \/>\n<\/strong><strong>Droit de reproduction<\/strong><\/p>\n<p style=\"text-align: justify;\">Par l&rsquo;acc\u00e8s au site www.adelformation.com, l&rsquo;utilisateur accepte implicitement les conditions ci-dessous :<\/p>\n<p style=\"text-align: justify;\">L&rsquo;utilisateur dispose d&rsquo;un droit d&rsquo;usage priv\u00e9, non exclusif, non collectif, sur l&rsquo;ensemble du contenu du site. Ce droit permet \u00e0 l&rsquo;utilisateur de stocker sous forme \u00e9lectronique, les informations contenues dans le site aux fins d&rsquo;utilisation sur \u00e9cran monoposte et sur tous types de supports pour une copie de sauvegarde.<\/p>\n<p style=\"text-align: justify;\">Toute mise en r\u00e9seau, toute rediffusion, sous quelque forme que ce soit, m\u00eame partielle, sont strictement interdites<\/p>\n<p style=\"text-align: justify;\">Ce droit est personnel et r\u00e9serv\u00e9 \u00e0 l&rsquo;usage exclusif et non collectif de l&rsquo;utilisateur.<\/p>\n<p style=\"text-align: justify;\">Tout autre usage est soumis \u00e0 autorisation pr\u00e9alable et express de la soci\u00e9t\u00e9 Adel Consulting. La violation de ces dispositions imp\u00e9ratives expose le contrevenant, et toutes personnes responsables, aux poursuites civiles et p\u00e9nales pr\u00e9vues par la loi.<\/p>\n<h3><\/h3>\n<h4><a href=\"https:\/\/www.adelformation.com\/wp-content\/uploads\/2023\/01\/Conditions-generales-de-vente-1.pdf\"><strong>CONDITIONS GENERALE DE VENTE<\/strong><\/a><\/h4>\n<h4><a href=\"https:\/\/www.adelformation.com\/wp-content\/uploads\/2023\/01\/CGU-Adel-Formation-1.pdf\"><strong>CONDITIONS GENERALES D&rsquo;UTILISATION ADEL FORMATION<\/strong><\/a><\/h4>\n<p><a href=\"https:\/\/www.adelformation.com\/wp-content\/uploads\/2024\/02\/Certificat-QUALIOPI-1.pdf\">CERTIFICATION QUALIOPI<\/a><\/p>\n<p><a href=\"https:\/\/www.adelformation.com\/wp-content\/uploads\/2024\/02\/Reglement-interieur-applicable-aux-stagiaires.pdf\">REGLEMENT INTERIEUR<\/a><\/p>","protected":false},"excerpt":{"rendered":"<p>PROPRIETE INTELLECTUELLE Copyright Pour obtenir des renseignements sur les droits d&rsquo;utilisation du contenu du site, merci de nous contacter. L&rsquo;ensemble des contenus du site www.adelformation.com (textes, scripts, ic\u00f4nes et images) est la propri\u00e9t\u00e9 exclusive de la soci\u00e9t\u00e9 Adel Consulting. Tous les droits de reproduction ou de repr\u00e9sentation de ceux-ci sont r\u00e9serv\u00e9s. Droit de reproduction Par l&rsquo;acc\u00e8s au site www.adelformation.com, l&rsquo;utilisateur &#8230; <\/p>\n<div><a href=\"https:\/\/adelformation.com\/fr\/accueil\/qui-sommes-nous\/mentions-legales\/\" class=\"more-link\">Read More<\/a><\/div>\n","protected":false},"author":1,"featured_media":0,"parent":230,"menu_order":0,"comment_status":"closed","ping_status":"closed","template":"","meta":{"footnotes":""},"class_list":["post-107","page","type-page","status-publish","hentry","no-post-thumbnail"],"_links":{"self":[{"href":"https:\/\/adelformation.com\/fr\/wp-json\/wp\/v2\/pages\/107","targetHints":{"allow":["GET"]}}],"collection":[{"href":"https:\/\/adelformation.com\/fr\/wp-json\/wp\/v2\/pages"}],"about":[{"href":"https:\/\/adelformation.com\/fr\/wp-json\/wp\/v2\/types\/page"}],"author":[{"embeddable":true,"href":"https:\/\/adelformation.com\/fr\/wp-json\/wp\/v2\/users\/1"}],"replies":[{"embeddable":true,"href":"https:\/\/adelformation.com\/fr\/wp-json\/wp\/v2\/comments?post=107"}],"version-history":[{"count":32,"href":"https:\/\/adelformation.com\/fr\/wp-json\/wp\/v2\/pages\/107\/revisions"}],"predecessor-version":[{"id":1577,"href":"https:\/\/adelformation.com\/fr\/wp-json\/wp\/v2\/pages\/107\/revisions\/1577"}],"up":[{"embeddable":true,"href":"https:\/\/adelformation.com\/fr\/wp-json\/wp\/v2\/pages\/230"}],"wp:attachment":[{"href":"https:\/\/adelformation.com\/fr\/wp-json\/wp\/v2\/media?parent=107"}],"curies":[{"name":"wp","href":"https:\/\/api.w.org\/{rel}","templated":true}]}}