{"id":1118,"date":"2017-02-01T13:03:51","date_gmt":"2017-02-01T13:03:51","guid":{"rendered":"http:\/\/adelformation.com\/fr\/?page_id=1118"},"modified":"2017-02-01T13:29:25","modified_gmt":"2017-02-01T13:29:25","slug":"linternational-la-cle-de-la-croissance","status":"publish","type":"page","link":"https:\/\/adelformation.com\/fr\/linternational-la-cle-de-la-croissance\/","title":{"rendered":"L&rsquo;INTERNATIONAL : LA CLE DE LA CROISSANCE !"},"content":{"rendered":"<img loading=\"lazy\" decoding=\"async\" class=\"aligncenter wp-image-886 size-large\" src=\"http:\/\/adelformation.com\/wp-content\/uploads\/2015\/02\/Fotolia_11055921_M-image-bourse-1.9-M-newsletter-2-1024x768.png\" alt=\"Fotolia_11055921_M image bourse 1.9 M newsletter 2\" width=\"953\" height=\"715\" style=\"border-bottom:20px solid #993300\" srcset=\"https:\/\/adelformation.com\/wp-content\/uploads\/2015\/02\/Fotolia_11055921_M-image-bourse-1.9-M-newsletter-2-1024x768.png 1024w, https:\/\/adelformation.com\/wp-content\/uploads\/2015\/02\/Fotolia_11055921_M-image-bourse-1.9-M-newsletter-2-300x225.png 300w, https:\/\/adelformation.com\/wp-content\/uploads\/2015\/02\/Fotolia_11055921_M-image-bourse-1.9-M-newsletter-2-600x450.png 600w, https:\/\/adelformation.com\/wp-content\/uploads\/2015\/02\/Fotolia_11055921_M-image-bourse-1.9-M-newsletter-2-100x75.png 100w, https:\/\/adelformation.com\/wp-content\/uploads\/2015\/02\/Fotolia_11055921_M-image-bourse-1.9-M-newsletter-2-1073x805.png 1073w, https:\/\/adelformation.com\/wp-content\/uploads\/2015\/02\/Fotolia_11055921_M-image-bourse-1.9-M-newsletter-2-1500x1125.png 1500w, https:\/\/adelformation.com\/wp-content\/uploads\/2015\/02\/Fotolia_11055921_M-image-bourse-1.9-M-newsletter-2-846x635.png 846w, https:\/\/adelformation.com\/wp-content\/uploads\/2015\/02\/Fotolia_11055921_M-image-bourse-1.9-M-newsletter-2-1184x888.png 1184w, https:\/\/adelformation.com\/wp-content\/uploads\/2015\/02\/Fotolia_11055921_M-image-bourse-1.9-M-newsletter-2-864x648.png 864w, https:\/\/adelformation.com\/wp-content\/uploads\/2015\/02\/Fotolia_11055921_M-image-bourse-1.9-M-newsletter-2-1200x900.png 1200w, https:\/\/adelformation.com\/wp-content\/uploads\/2015\/02\/Fotolia_11055921_M-image-bourse-1.9-M-newsletter-2.png 1592w\" sizes=\"auto, (max-width: 953px) 100vw, 953px\" \/><\/p>\n<h2 style=\"text-align: center;\"><span style=\"color: #993300;\">L&rsquo;INTERNATIONAL : LA CLE DE LA CROISSANCE !<\/span><\/h2>\n<p style=\"text-align: justify;\"><strong>La <span style=\"color: #993300;\">croissance<\/span> des entreprises passe forc\u00e9ment par leur capacit\u00e9 \u00e0 se d\u00e9velopper \u00e0 l&rsquo;international. Afin de <span style=\"color: #993300;\">s&rsquo;implanter<\/span> ou se <span style=\"color: #993300;\">d\u00e9velopper<\/span> sur les march\u00e9s \u00e9trangers, les grandes entreprises, tout comme les PME ont besoin de se doter de collaborateurs ayant des solides <span style=\"color: #993300;\">connaissances<\/span> dans l&rsquo;import\/export.<\/strong><\/p>\n<p><strong>Pour vous accompagner dans cette d\u00e9marche, nos formations permettent \u00e0 vos collaborateurs de se <span style=\"color: #993300;\">perfectionner<\/span> et de <span style=\"color: #993300;\">ma\u00eetriser<\/span> les aspects techniques du <span style=\"color: #993300;\">commerce international<\/span>.<\/strong><\/p>\n<p><strong>Ci-dessous quelques formations que nous animons r\u00e9guli\u00e8rement :<\/strong><\/p>\n<ul>\n<li><a href=\"http:\/\/adelformation.com\/wp-content\/uploads\/2015\/03\/La-gestion-des-risques-financiers-%C3%A0-linternational.-version-sitedocx.pdf\">LA GESTION DU RISQUE FINANCIERS A L\u2019INTERNATIONAL<\/a><\/li>\n<li><a href=\"http:\/\/adelformation.com\/wp-content\/uploads\/2015\/03\/Gestion-des-oprations-de-commerce-international-module-2.pdf\">LA GESTION DES OPERATIONS DE COMMERCE INTERNATIONAL \u2013 MODULE 2<\/a><\/li>\n<li><a href=\"http:\/\/adelformation.com\/wp-content\/uploads\/2015\/03\/Les-instruments-et-techniques-de-paiement-utiliss-lint-ver-site.pdf\">LES INSTRUMENTS ET TECHNIQUES DE PAIEMENT A L\u2019INTERNATIONAL<\/a><\/li>\n<li><a href=\"http:\/\/adelformation.com\/wp-content\/uploads\/2015\/03\/La-gest-oprat-du-crdit-documentaire-Ver-site.pdf\">LA GESTION OPERATIONNELLE DU CREDIT DOCUMENTAIRE<\/a><\/li>\n<li><a href=\"http:\/\/adelformation.com\/wp-content\/uploads\/2015\/03\/crdit-transfrable-et-back-to-back-lingenierie-fin-du-trading-IF42-programme.pdf\">CREDIT TRANSFERABLE ET BACK TO BACK : L&rsquo;INGENIERIE FINANCIERE DU TRADING<\/a><\/li>\n<li><a href=\"http:\/\/adelformation.com\/wp-content\/uploads\/2015\/03\/LES-INCOTERMS-2010-version-longuever-site.pdf\">LES INCOTERMS 2010<\/a><\/li>\n<\/ul>\n<hr style=\"border-color:#993300\" \/>\n<div style=\"margin-top:35px;\"><\/div>\n<p style=\"text-align: justify;\"><strong>Nos formations, anim\u00e9es par <span style=\"color: #993300;\">des sp\u00e9cialistes praticiens<\/span> de l&rsquo;international, donneront \u00e0 vos cadres les r\u00e9ponses concr\u00e8tes aux probl\u00e9matiques dont ils ont la charge. Nous vous garantissons des actions de formation sur mesure, orient\u00e9es selon vos objectifs, organis\u00e9es selon vos plannings et adapt\u00e9es aux besoins de vos collaborateurs. <\/strong><\/p>\n<div class=\"box1\">\n  <center><\/p>\n<div class=\"icon1\">\n      <i class=\"x-icon x-icon-comment\"><\/i>\n    <\/div>\n<p>    <a class=\"link1\" href=\"https:\/\/adelformation.com\/fr\/accueil\/contact\/\">POSER UNE QUESTION<\/a><br \/>\n  <\/center>\n<\/div>\n<div class=\"box2\">\n  <center><\/p>\n<div class=\"icon2\">\n      <i class=\"x-icon x-icon-book\"><\/i>\n    <\/div>\n<p>    <a class=\"link2\" href=\"https:\/\/adelformation.com\/fr\/accueil\/prestations\/formation-a-linternational\/le-catalogue-des-formations\/\">LE CATALOGUE<\/a><br \/>\n    <a class=\"link2\" href=\"https:\/\/adelformation.com\/fr\/accueil\/prestations\/formation-a-linternational\/le-catalogue-des-formations\/\">DES FORMATIONS<\/a><br \/>\n  <\/center>\n<\/div>\n<div class=\"box3\">\n  <center><\/p>\n<div class=\"icon3\">\n      <i class=\"x-icon x-icon-check\"><\/i>\n    <\/div>\n<p>    <a class=\"link3\" href=\"https:\/\/adelformation.com\/fr\/accueil\/prestations\/formation-a-linternational\/quiz\/\">TESTER VOTRE NIVEAU<\/a><br \/>\n    <a class=\"link3\" href=\"https:\/\/adelformation.com\/fr\/accueil\/prestations\/formation-a-linternational\/quiz\/\">\u00c0 L&rsquo;EXPORT<\/a><br \/>\n  <\/center>\n<\/div>\n<div style=\"clear:both;margin-bottom:30px;\"><\/div>\n<p><\/p>\n<hr style=\"border-color:#993300\" \/>\n<h2 style=\"text-align: center;margin-bottom:35px\"><strong><span style=\"color: #993300;\">Ils nous font confiance<\/span><\/strong><\/h2>\n<p><\/p>\n<hr style=\"border-color:#993300\" \/>\n<div style=\"margin-top:35px;\"><\/div>\n<ul class=\"kiwi-logo-carousel kiwi-logo-carousel-default default align-center col4\"><li style=\"height:150px;\"><a target=\"_blank\" href=\"http:\/\/www.total.fr\/\"><div class=\"helper\" style=\"height:150px; width:200px;\" ><img decoding=\"async\" src=\"https:\/\/adelformation.com\/wp-content\/uploads\/2015\/03\/170x128_fill_cd66a7a18d37d7e5dd969c249e9a1ecb_XL.jpg\" alt=\"\" title=\"\"><\/div><\/a><\/li><li style=\"height:150px;\"><a target=\"_blank\" href=\"http:\/\/www.cls.fr\/\"><div class=\"helper\" style=\"height:150px; width:200px;\" ><img decoding=\"async\" src=\"https:\/\/adelformation.com\/wp-content\/uploads\/2015\/03\/170x128_fill_c1011ef61ed9937904f4938c63d014ea_XL.jpg\" alt=\"\" title=\"\"><\/div><\/a><\/li><li style=\"height:150px;\"><a target=\"_blank\" href=\"http:\/\/www.bouygues-construction.com\/\"><div class=\"helper\" style=\"height:150px; width:200px;\" ><img decoding=\"async\" src=\"https:\/\/adelformation.com\/wp-content\/uploads\/2015\/03\/170x128_fill_b8292acafd72142128a3481ac4b0abff_XL.jpg\" alt=\"\" title=\"\"><\/div><\/a><\/li><li style=\"height:150px;\"><a target=\"_blank\" href=\"http:\/\/www.arjowiggins.fr\/\"><div class=\"helper\" style=\"height:150px; width:200px;\" ><img decoding=\"async\" src=\"https:\/\/adelformation.com\/wp-content\/uploads\/2015\/03\/170x128_fill_aaa036e4cb16038f90e128d8e39c714f_XL.jpg\" alt=\"\" title=\"\"><\/div><\/a><\/li><li style=\"height:150px;\"><a target=\"_blank\" href=\"http:\/\/www.defta.eu\/fr\/\"><div class=\"helper\" style=\"height:150px; width:200px;\" ><img decoding=\"async\" src=\"https:\/\/adelformation.com\/wp-content\/uploads\/2015\/03\/170x128_fill_a63cd9e38964634741a5a3fe89055308_XL.jpg\" alt=\"\" title=\"\"><\/div><\/a><\/li><li style=\"height:150px;\"><a target=\"_blank\" href=\"http:\/\/www.industriel-marchand.alfi.airliquide.fr\/\"><div class=\"helper\" style=\"height:150px; width:200px;\" ><img decoding=\"async\" src=\"https:\/\/adelformation.com\/wp-content\/uploads\/2015\/03\/170x128_fill_a42a2aa6c7440291c38ba9adc5892a56_XL.jpg\" alt=\"\" title=\"\"><\/div><\/a><\/li><li style=\"height:150px;\"><a target=\"_blank\" href=\"http:\/\/www.sulzer.com\/fr\"><div class=\"helper\" style=\"height:150px; width:200px;\" ><img decoding=\"async\" src=\"https:\/\/adelformation.com\/wp-content\/uploads\/2015\/03\/170x128_fill_73608782f50eb6af17bb69bdcd662692_XL.jpg\" alt=\"\" title=\"\"><\/div><\/a><\/li><li style=\"height:150px;\"><a target=\"_blank\" href=\"http:\/\/www.formatex.fr\/\"><div class=\"helper\" style=\"height:150px; width:200px;\" ><img decoding=\"async\" src=\"https:\/\/adelformation.com\/wp-content\/uploads\/2015\/03\/170x128_fill_63503204d18160dd6a733e989b70c404_XL.jpg\" alt=\"\" title=\"\"><\/div><\/a><\/li><li style=\"height:150px;\"><a target=\"_blank\" href=\"http:\/\/www.scottbader.com\/\"><div class=\"helper\" style=\"height:150px; width:200px;\" ><img decoding=\"async\" src=\"https:\/\/adelformation.com\/wp-content\/uploads\/2015\/03\/170x128_fill_048731097de322302aff7e52151c991d_XL.jpg\" alt=\"\" title=\"\"><\/div><\/a><\/li><li style=\"height:150px;\"><a target=\"_blank\" href=\"http:\/\/www.alstom.com\/fr\/\"><div class=\"helper\" style=\"height:150px; width:200px;\" ><img decoding=\"async\" src=\"https:\/\/adelformation.com\/wp-content\/uploads\/2015\/03\/170x128_fill_948378d6a67ac0d7c7c6728581b072ab_XL.jpg\" alt=\"\" title=\"\"><\/div><\/a><\/li><li style=\"height:150px;\"><a target=\"_blank\" href=\"https:\/\/www.bcimr.dj\/index.php\"><div class=\"helper\" style=\"height:150px; width:200px;\" ><img decoding=\"async\" src=\"https:\/\/adelformation.com\/wp-content\/uploads\/2015\/03\/170x128_fill_737344dd8934cc52da9f7f85f2627abb_XL.jpg\" alt=\"\" title=\"\"><\/div><\/a><\/li><li style=\"height:150px;\"><a target=\"_blank\" href=\"http:\/\/www.nnpcgroup.com\/\"><div class=\"helper\" style=\"height:150px; width:200px;\" ><img decoding=\"async\" src=\"https:\/\/adelformation.com\/wp-content\/uploads\/2015\/03\/170x128_fill_358873fad4914931314b94f2036b503a_XL.jpg\" alt=\"\" title=\"\"><\/div><\/a><\/li><li style=\"height:150px;\"><a target=\"_blank\" href=\"http:\/\/www.agcocorp.com\/\"><div class=\"helper\" style=\"height:150px; width:200px;\" ><img decoding=\"async\" src=\"https:\/\/adelformation.com\/wp-content\/uploads\/2015\/03\/170x128_fill_42121f00ffc451d0c288e11c1f28cbd4_XL.jpg\" alt=\"\" title=\"\"><\/div><\/a><\/li><li style=\"height:150px;\"><a target=\"_blank\" href=\"http:\/\/www.amphenol-airlb.fr\/\"><div class=\"helper\" style=\"height:150px; width:200px;\" ><img decoding=\"async\" src=\"https:\/\/adelformation.com\/wp-content\/uploads\/2015\/03\/170x128_fill_3707d8f2be163bd14c78cf07586f13bb_XL.jpg\" alt=\"\" title=\"\"><\/div><\/a><\/li><li style=\"height:150px;\" ><div class=\"helper\" style=\"height:150px; width:200px;\" ><img decoding=\"async\" src=\"https:\/\/adelformation.com\/wp-content\/uploads\/2015\/03\/170x128_fill_938a195f8810cb9b31c6503221891897_XL.jpg\" alt=\"\" title=\"\" style=\"max-width:200px; padding-left: 0px; padding-right:0px\" ><\/div><\/li><li style=\"height:150px;\"><a target=\"_blank\" href=\"https:\/\/www.societegenerale.fr\/\"><div class=\"helper\" style=\"height:150px; width:200px;\" ><img decoding=\"async\" src=\"https:\/\/adelformation.com\/wp-content\/uploads\/2015\/03\/170x128_fill_474f4cdd4383ff91fd1d98bcb039d93b_XL.jpg\" alt=\"\" title=\"\"><\/div><\/a><\/li><li style=\"height:150px;\"><a target=\"_blank\" href=\"https:\/\/www.natixis.com\/natixis\/jcms\/j_6\/fr\/accueil\"><div class=\"helper\" style=\"height:150px; width:200px;\" ><img decoding=\"async\" src=\"https:\/\/adelformation.com\/wp-content\/uploads\/2015\/03\/170x128_fill_97aa066dcc42404e7602768333af5659_XL.jpg\" alt=\"\" title=\"\"><\/div><\/a><\/li><li style=\"height:150px;\"><a target=\"_blank\" href=\"http:\/\/www.biao.co.ci\/\"><div class=\"helper\" style=\"height:150px; width:200px;\" ><img decoding=\"async\" src=\"https:\/\/adelformation.com\/wp-content\/uploads\/2015\/03\/170x128_fill_88f135a483ef01fac8d7b920488085e4_XL.jpg\" alt=\"\" title=\"\"><\/div><\/a><\/li><li style=\"height:150px;\"><a target=\"_blank\" href=\"https:\/\/www.thalesgroup.com\/fr\"><div class=\"helper\" style=\"height:150px; width:200px;\" ><img decoding=\"async\" src=\"https:\/\/adelformation.com\/wp-content\/uploads\/2015\/03\/170x128_fill_85b62d4a27ea43297eb1ab349b6e06c6_XL.jpg\" alt=\"\" title=\"\"><\/div><\/a><\/li><li style=\"height:150px;\"><a target=\"_blank\" href=\"http:\/\/www.stromagfrance.com\/\"><div class=\"helper\" style=\"height:150px; width:200px;\" ><img decoding=\"async\" src=\"https:\/\/adelformation.com\/wp-content\/uploads\/2015\/03\/170x128_fill_75b44b0e9c2e5d305fa323c6c51d3476_XL.jpg\" alt=\"\" title=\"\"><\/div><\/a><\/li><li style=\"height:150px;\"><a target=\"_blank\" href=\"http:\/\/www.affelm.com\/\"><div class=\"helper\" style=\"height:150px; width:200px;\" ><img decoding=\"async\" src=\"https:\/\/adelformation.com\/wp-content\/uploads\/2015\/03\/170x128_fill_063ee9aeb9f60efa02823e51450f82ce_XL.jpg\" alt=\"\" title=\"\"><\/div><\/a><\/li><li style=\"height:150px;\" ><div class=\"helper\" style=\"height:150px; width:200px;\" ><img decoding=\"async\" src=\"https:\/\/adelformation.com\/wp-content\/uploads\/2015\/03\/170x128_fill_51a3864ed3ad604d2340c3f8fe249f94_XL.jpg\" alt=\"\" title=\"\" style=\"max-width:200px; padding-left: 0px; padding-right:0px\" ><\/div><\/li><li style=\"height:150px;\"><a target=\"_blank\" href=\"https:\/\/www.bnpparibasfortis.com\/fr\/\"><div class=\"helper\" style=\"height:150px; width:200px;\" ><img decoding=\"async\" src=\"https:\/\/adelformation.com\/wp-content\/uploads\/2015\/03\/170x128_fill_47e29f9fe96a1771642fb05ac8a8fd00_XL.jpg\" alt=\"\" title=\"\"><\/div><\/a><\/li><li style=\"height:150px;\"><a target=\"_blank\" href=\"http:\/\/www.renault.fr\/\"><div class=\"helper\" style=\"height:150px; width:200px;\" ><img decoding=\"async\" src=\"https:\/\/adelformation.com\/wp-content\/uploads\/2015\/03\/170x128_fill_45e8f4939bc3bd36e4b87ab1e324d227_XL.jpg\" alt=\"\" title=\"\"><\/div><\/a><\/li><li style=\"height:150px;\" ><div class=\"helper\" style=\"height:150px; width:200px;\" ><img decoding=\"async\" src=\"https:\/\/adelformation.com\/wp-content\/uploads\/2015\/03\/170x128_fill_39a27618f1dc54b80987c6706135e6b7_XL.jpg\" alt=\"\" title=\"\" style=\"max-width:200px; padding-left: 0px; padding-right:0px\" ><\/div><\/li><li style=\"height:150px;\"><a target=\"_blank\" href=\"http:\/\/www.areva.com\/\"><div class=\"helper\" style=\"height:150px; width:200px;\" ><img decoding=\"async\" src=\"https:\/\/adelformation.com\/wp-content\/uploads\/2015\/03\/170x128_fill_7a6fe08027b80ee08bda1ed60d73e334_XL.jpg\" alt=\"\" title=\"\"><\/div><\/a><\/li><li style=\"height:150px;\"><a target=\"_blank\" href=\"https:\/\/professionnels.secure.lcl.fr\/index.html\"><div class=\"helper\" style=\"height:150px; width:200px;\" ><img decoding=\"async\" src=\"https:\/\/adelformation.com\/wp-content\/uploads\/2015\/03\/170x128_fill_4ab4b6df96c060fa741e97b50eafb07c_XL.jpg\" alt=\"\" title=\"\"><\/div><\/a><\/li><li style=\"height:150px;\"><a target=\"_blank\" href=\"http:\/\/www.coface.fr\/\"><div class=\"helper\" style=\"height:150px; width:200px;\" ><img decoding=\"async\" src=\"https:\/\/adelformation.com\/wp-content\/uploads\/2015\/03\/170x128_fill_1ea804dbf6a45ba977293c237ecc1b08_XL.jpg\" alt=\"\" title=\"\"><\/div><\/a><\/li><li style=\"height:150px;\"><a target=\"_blank\" href=\"http:\/\/www.ubaf.fr\/PG\/Network_Paris.asp\"><div class=\"helper\" style=\"height:150px; width:200px;\" ><img decoding=\"async\" src=\"https:\/\/adelformation.com\/wp-content\/uploads\/2015\/03\/170x128_fill_0c758c944f0062609b2677e28107bc5e_XL.jpg\" alt=\"\" title=\"\"><\/div><\/a><\/li><li style=\"height:150px;\" ><div class=\"helper\" style=\"height:150px; width:200px;\" ><img decoding=\"async\" src=\"https:\/\/adelformation.com\/wp-content\/uploads\/2015\/03\/170x128_fill_ea457adccaa9e569cff05de9b4f3b04d_XL.jpg\" alt=\"\" title=\"\" style=\"max-width:200px; padding-left: 0px; padding-right:0px\" ><\/div><\/li><li style=\"height:150px;\"><a target=\"_blank\" href=\"http:\/\/www.challenge-int.fr\/\"><div class=\"helper\" style=\"height:150px; width:200px;\" ><img decoding=\"async\" src=\"https:\/\/adelformation.com\/wp-content\/uploads\/2015\/03\/170x128_fill_e44a6f32e15cb53ee479b2697e759e2e_XL.jpg\" alt=\"\" title=\"\"><\/div><\/a><\/li><li style=\"height:150px;\"><a target=\"_blank\" href=\"http:\/\/www.lactalis-international.com\/\"><div class=\"helper\" style=\"height:150px; width:200px;\" ><img decoding=\"async\" src=\"https:\/\/adelformation.com\/wp-content\/uploads\/2015\/03\/170x128_fill_e7c0584255fa6f2981e510285a9e9e4f_XL.jpg\" alt=\"\" title=\"\"><\/div><\/a><\/li><li style=\"height:150px;\" ><div class=\"helper\" style=\"height:150px; width:200px;\" ><img decoding=\"async\" src=\"https:\/\/adelformation.com\/wp-content\/uploads\/2015\/03\/170x128_fill_d722f2a14a84b7ad8053262f61a6106b_XL.jpg\" alt=\"\" title=\"\" style=\"max-width:200px; padding-left: 0px; padding-right:0px\" ><\/div><\/li><li style=\"height:150px;\"><a target=\"_blank\" href=\"http:\/\/www.safran-group.com\/fr\"><div class=\"helper\" style=\"height:150px; width:200px;\" ><img decoding=\"async\" src=\"https:\/\/adelformation.com\/wp-content\/uploads\/2015\/03\/170x128_fill_d6e7bc44feb1613d041d5385e5745b10_XL.jpg\" alt=\"\" title=\"\"><\/div><\/a><\/li><\/ul>\n<div style=\"margin-top:35px;\"><\/div>\n<h3 style=\"text-align: center;\"><strong><span style=\"color: #993300;\">T\u00e9l\u00e9charger notre dossier : <span style=\"color: #000000;\"><a href=\"http:\/\/adelformation.com\/wp-content\/uploads\/2015\/03\/Comment-ge%CC%81rer-les-irre%CC%81gularite%CC%81s-dans-les-cre%CC%81dits-documentaires.pdf\">Comment g\u00e9rer les irr\u00e9gularit\u00e9s dans les cr\u00e9dits documentaires ?<\/a><\/span><\/span><\/strong><\/h3>","protected":false},"excerpt":{"rendered":"<p>L&rsquo;INTERNATIONAL : LA CLE DE LA CROISSANCE ! La croissance des entreprises passe forc\u00e9ment par leur capacit\u00e9 \u00e0 se d\u00e9velopper \u00e0 l&rsquo;international. Afin de s&rsquo;implanter ou se d\u00e9velopper sur les march\u00e9s \u00e9trangers, les grandes entreprises, tout comme les PME ont besoin de se doter de collaborateurs ayant des solides connaissances dans l&rsquo;import\/export. Pour vous accompagner dans cette d\u00e9marche, nos formations &#8230; <\/p>\n<div><a href=\"https:\/\/adelformation.com\/fr\/linternational-la-cle-de-la-croissance\/\" class=\"more-link\">Read More<\/a><\/div>\n","protected":false},"author":1,"featured_media":0,"parent":0,"menu_order":0,"comment_status":"closed","ping_status":"open","template":"","meta":{"footnotes":""},"class_list":["post-1118","page","type-page","status-publish","hentry","no-post-thumbnail"],"_links":{"self":[{"href":"https:\/\/adelformation.com\/fr\/wp-json\/wp\/v2\/pages\/1118","targetHints":{"allow":["GET"]}}],"collection":[{"href":"https:\/\/adelformation.com\/fr\/wp-json\/wp\/v2\/pages"}],"about":[{"href":"https:\/\/adelformation.com\/fr\/wp-json\/wp\/v2\/types\/page"}],"author":[{"embeddable":true,"href":"https:\/\/adelformation.com\/fr\/wp-json\/wp\/v2\/users\/1"}],"replies":[{"embeddable":true,"href":"https:\/\/adelformation.com\/fr\/wp-json\/wp\/v2\/comments?post=1118"}],"version-history":[{"count":4,"href":"https:\/\/adelformation.com\/fr\/wp-json\/wp\/v2\/pages\/1118\/revisions"}],"predecessor-version":[{"id":1123,"href":"https:\/\/adelformation.com\/fr\/wp-json\/wp\/v2\/pages\/1118\/revisions\/1123"}],"wp:attachment":[{"href":"https:\/\/adelformation.com\/fr\/wp-json\/wp\/v2\/media?parent=1118"}],"curies":[{"name":"wp","href":"https:\/\/api.w.org\/{rel}","templated":true}]}}