{"id":1138,"date":"2017-04-13T12:18:56","date_gmt":"2017-04-13T12:18:56","guid":{"rendered":"http:\/\/adelformation.com\/fr\/?page_id=1138"},"modified":"2021-05-31T14:00:17","modified_gmt":"2021-05-31T14:00:17","slug":"financements","status":"publish","type":"page","link":"https:\/\/adelformation.com\/fr\/accueil\/prestations\/financements\/","title":{"rendered":"Financements Internationaux"},"content":{"rendered":"<a href=\"https:\/\/www.adelformation.com\/wp-content\/uploads\/2015\/04\/maquette-fotolia_42769670.jpg\"><img loading=\"lazy\" decoding=\"async\" class=\"wp-image-843 size-medium aligncenter\" src=\"https:\/\/www.adelformation.com\/wp-content\/uploads\/2015\/04\/maquette-fotolia_42769670-300x86.jpg\" alt=\"\" width=\"300\" height=\"86\" srcset=\"https:\/\/adelformation.com\/wp-content\/uploads\/2015\/04\/maquette-fotolia_42769670-300x86.jpg 300w, https:\/\/adelformation.com\/wp-content\/uploads\/2015\/04\/maquette-fotolia_42769670-100x29.jpg 100w, https:\/\/adelformation.com\/wp-content\/uploads\/2015\/04\/maquette-fotolia_42769670.jpg 512w\" sizes=\"auto, (max-width: 300px) 100vw, 300px\" \/><\/a>Vous d\u00e9sirez d\u00e9velopper des opportunit\u00e9s d&rsquo;affaires \u00e0 l&rsquo;international et en particulier avec l&rsquo;Afrique, nous pouvons vous accompagner pour structurer votre dossier ainsi que pour obtenir des facilit\u00e9s bancaires aupr\u00e8s de notre r\u00e9seau de banquiers partenaires :<\/p>\n<ul>\n<li>Cr\u00e9dit documentaire (confirmation, escompte)<\/li>\n<li>Garanties dans le cadre d&rsquo;appels d&rsquo;offres (garantie de soumission, de bonne ex\u00e9cution\u2026)<\/li>\n<li>SBLC (Standby Letter of Credit)<\/li>\n<li>Traite avalis\u00e9e (escompte)<\/li>\n<li>Pr\u00eats li\u00e9s au trade (working capital, pre-financing, bridge financing)<\/li>\n<li>Financements \u00e0 moyen\/long terme d\u2019op\u00e9rations couvertes par BPIFRANCE ASSURANCE EXPORT<\/li>\n<li>Cr\u00e9dits d&rsquo;accompagnement dans le cadre d&rsquo;op\u00e9rations \u00e0 moyen\/long terme<\/li>\n<\/ul>\n<p>Si vous avez besoin d&rsquo;informations compl\u00e9mentaires, n&rsquo;h\u00e9sitez pas \u00e0 nous contacter au 06 08 52 30 65.","protected":false},"excerpt":{"rendered":"<p>Vous d\u00e9sirez d\u00e9velopper des opportunit\u00e9s d&rsquo;affaires \u00e0 l&rsquo;international et en particulier avec l&rsquo;Afrique, nous pouvons vous accompagner pour structurer votre dossier ainsi que pour obtenir des facilit\u00e9s bancaires aupr\u00e8s de notre r\u00e9seau de banquiers partenaires : Cr\u00e9dit documentaire (confirmation, escompte) Garanties dans le cadre d&rsquo;appels d&rsquo;offres (garantie de soumission, de bonne ex\u00e9cution\u2026) SBLC (Standby Letter of Credit) Traite avalis\u00e9e (escompte) &#8230; <\/p>\n<div><a href=\"https:\/\/adelformation.com\/fr\/accueil\/prestations\/financements\/\" class=\"more-link\">Read More<\/a><\/div>\n","protected":false},"author":2,"featured_media":0,"parent":48,"menu_order":0,"comment_status":"closed","ping_status":"open","template":"","meta":{"footnotes":""},"class_list":["post-1138","page","type-page","status-publish","hentry","no-post-thumbnail"],"_links":{"self":[{"href":"https:\/\/adelformation.com\/fr\/wp-json\/wp\/v2\/pages\/1138","targetHints":{"allow":["GET"]}}],"collection":[{"href":"https:\/\/adelformation.com\/fr\/wp-json\/wp\/v2\/pages"}],"about":[{"href":"https:\/\/adelformation.com\/fr\/wp-json\/wp\/v2\/types\/page"}],"author":[{"embeddable":true,"href":"https:\/\/adelformation.com\/fr\/wp-json\/wp\/v2\/users\/2"}],"replies":[{"embeddable":true,"href":"https:\/\/adelformation.com\/fr\/wp-json\/wp\/v2\/comments?post=1138"}],"version-history":[{"count":17,"href":"https:\/\/adelformation.com\/fr\/wp-json\/wp\/v2\/pages\/1138\/revisions"}],"predecessor-version":[{"id":1301,"href":"https:\/\/adelformation.com\/fr\/wp-json\/wp\/v2\/pages\/1138\/revisions\/1301"}],"up":[{"embeddable":true,"href":"https:\/\/adelformation.com\/fr\/wp-json\/wp\/v2\/pages\/48"}],"wp:attachment":[{"href":"https:\/\/adelformation.com\/fr\/wp-json\/wp\/v2\/media?parent=1138"}],"curies":[{"name":"wp","href":"https:\/\/api.w.org\/{rel}","templated":true}]}}