{"id":194,"date":"2015-03-04T15:50:25","date_gmt":"2015-03-04T15:50:25","guid":{"rendered":"http:\/\/adelformation.com\/fr\/?page_id=194"},"modified":"2024-02-09T12:30:36","modified_gmt":"2024-02-09T12:30:36","slug":"formation-a-linternational","status":"publish","type":"page","link":"https:\/\/adelformation.com\/fr\/accueil\/prestations\/formation-a-linternational\/","title":{"rendered":"Formation \u00e0 l&rsquo;international"},"content":{"rendered":"<p>Programme de formations mis \u00e0 jour le 1er f\u00e9vrier 2024<\/p>\n\n\n<a href=\"http:\/\/adelformation.com\/wp-content\/uploads\/2015\/03\/PHOTO-4-Fotolia_63593957_S-image-avec-le-mot-formation-d\u00e9coup\u00e9e.jpg\"><img loading=\"lazy\" decoding=\"async\" class=\"aligncenter wp-image-700 size-full\" src=\"http:\/\/adelformation.com\/wp-content\/uploads\/2015\/03\/PHOTO-4-Fotolia_63593957_S-image-avec-le-mot-formation-d\u00e9coup\u00e9e.jpg\" alt=\"PHOTO 4 Fotolia_63593957_S image avec le mot formation d\u00e9coup\u00e9e\" width=\"589\" height=\"218\" srcset=\"https:\/\/adelformation.com\/wp-content\/uploads\/2015\/03\/PHOTO-4-Fotolia_63593957_S-image-avec-le-mot-formation-d\u00e9coup\u00e9e.jpg 589w, https:\/\/adelformation.com\/wp-content\/uploads\/2015\/03\/PHOTO-4-Fotolia_63593957_S-image-avec-le-mot-formation-d\u00e9coup\u00e9e-300x111.jpg 300w, https:\/\/adelformation.com\/wp-content\/uploads\/2015\/03\/PHOTO-4-Fotolia_63593957_S-image-avec-le-mot-formation-d\u00e9coup\u00e9e-100x37.jpg 100w\" sizes=\"auto, (max-width: 589px) 100vw, 589px\" \/><\/a><\/p>\n<p style=\"text-align: justify;\">La croissance des entreprises passe forc\u00e9ment par leur capacit\u00e9 \u00e0 se d\u00e9velopper \u00e0 l&rsquo;international. Afin de s&rsquo;implanter ou se d\u00e9velopper sur les march\u00e9s \u00e9trangers, les grandes entreprises, tout comme les PME ont besoin de se doter de collaborateurs ayant des <b>solides connaissances<\/b> dans <b>l&rsquo;import\/export<\/b>. Nos consultants formateurs animent des formations sur les aspects techniques du commerce international qui vous permettront d&rsquo;aborder sereinement les march\u00e9s \u00e9trangers.<\/p>","protected":false},"excerpt":{"rendered":"<p>Programme de formations mis \u00e0 jour le 1er f\u00e9vrier 2024 La croissance des entreprises passe forc\u00e9ment par leur capacit\u00e9 \u00e0 se d\u00e9velopper \u00e0 l&rsquo;international. Afin de s&rsquo;implanter ou se d\u00e9velopper sur les march\u00e9s \u00e9trangers, les grandes entreprises, tout comme les PME ont besoin de se doter de collaborateurs ayant des solides connaissances dans l&rsquo;import\/export. Nos consultants formateurs animent des formations &#8230; <\/p>\n<div><a href=\"https:\/\/adelformation.com\/fr\/accueil\/prestations\/formation-a-linternational\/\" class=\"more-link\">Read More<\/a><\/div>\n","protected":false},"author":1,"featured_media":0,"parent":48,"menu_order":0,"comment_status":"closed","ping_status":"open","template":"","meta":{"footnotes":""},"class_list":["post-194","page","type-page","status-publish","hentry","no-post-thumbnail"],"_links":{"self":[{"href":"https:\/\/adelformation.com\/fr\/wp-json\/wp\/v2\/pages\/194","targetHints":{"allow":["GET"]}}],"collection":[{"href":"https:\/\/adelformation.com\/fr\/wp-json\/wp\/v2\/pages"}],"about":[{"href":"https:\/\/adelformation.com\/fr\/wp-json\/wp\/v2\/types\/page"}],"author":[{"embeddable":true,"href":"https:\/\/adelformation.com\/fr\/wp-json\/wp\/v2\/users\/1"}],"replies":[{"embeddable":true,"href":"https:\/\/adelformation.com\/fr\/wp-json\/wp\/v2\/comments?post=194"}],"version-history":[{"count":26,"href":"https:\/\/adelformation.com\/fr\/wp-json\/wp\/v2\/pages\/194\/revisions"}],"predecessor-version":[{"id":1579,"href":"https:\/\/adelformation.com\/fr\/wp-json\/wp\/v2\/pages\/194\/revisions\/1579"}],"up":[{"embeddable":true,"href":"https:\/\/adelformation.com\/fr\/wp-json\/wp\/v2\/pages\/48"}],"wp:attachment":[{"href":"https:\/\/adelformation.com\/fr\/wp-json\/wp\/v2\/media?parent=194"}],"curies":[{"name":"wp","href":"https:\/\/api.w.org\/{rel}","templated":true}]}}