{"id":206,"date":"2015-03-06T12:59:07","date_gmt":"2015-03-06T12:59:07","guid":{"rendered":"http:\/\/adelformation.com\/fr\/?page_id=206"},"modified":"2015-04-03T23:24:42","modified_gmt":"2015-04-03T23:24:42","slug":"assistance-import-export-2","status":"publish","type":"page","link":"https:\/\/adelformation.com\/fr\/accueil\/prestations\/assistance-import-export-2\/","title":{"rendered":"Assistance import-export"},"content":{"rendered":"<p style=\"text-align: justify;\"><a href=\"http:\/\/adelformation.com\/wp-content\/uploads\/2015\/03\/Fotolia_78248037_S-d\u00e9coup\u00e9e.jpg\"><img loading=\"lazy\" decoding=\"async\" class=\"aligncenter wp-image-703 size-full\" src=\"http:\/\/adelformation.com\/wp-content\/uploads\/2015\/03\/Fotolia_78248037_S-d\u00e9coup\u00e9e.jpg\" alt=\"Fotolia_78248037_S d\u00e9coup\u00e9e\" width=\"589\" height=\"218\" srcset=\"https:\/\/adelformation.com\/wp-content\/uploads\/2015\/03\/Fotolia_78248037_S-d\u00e9coup\u00e9e.jpg 589w, https:\/\/adelformation.com\/wp-content\/uploads\/2015\/03\/Fotolia_78248037_S-d\u00e9coup\u00e9e-300x111.jpg 300w, https:\/\/adelformation.com\/wp-content\/uploads\/2015\/03\/Fotolia_78248037_S-d\u00e9coup\u00e9e-100x37.jpg 100w\" sizes=\"auto, (max-width: 589px) 100vw, 589px\" \/><\/a>Nous sommes en mesure de vous assister dans le cadre de vos proc\u00e9dures \u00e0 l&rsquo;import comme \u00e0 l&rsquo;export.<br \/>\nGr\u00e2ce aux comp\u00e9tences de nos experts, nous garantissons le bon accomplissement de vos op\u00e9rations<\/p>","protected":false},"excerpt":{"rendered":"<p>Nous sommes en mesure de vous assister dans le cadre de vos proc\u00e9dures \u00e0 l&rsquo;import comme \u00e0 l&rsquo;export. Gr\u00e2ce aux comp\u00e9tences de nos experts, nous garantissons le bon accomplissement de vos op\u00e9rations<\/p>\n","protected":false},"author":1,"featured_media":0,"parent":48,"menu_order":0,"comment_status":"closed","ping_status":"closed","template":"","meta":{"footnotes":""},"class_list":["post-206","page","type-page","status-publish","hentry","no-post-thumbnail"],"_links":{"self":[{"href":"https:\/\/adelformation.com\/fr\/wp-json\/wp\/v2\/pages\/206","targetHints":{"allow":["GET"]}}],"collection":[{"href":"https:\/\/adelformation.com\/fr\/wp-json\/wp\/v2\/pages"}],"about":[{"href":"https:\/\/adelformation.com\/fr\/wp-json\/wp\/v2\/types\/page"}],"author":[{"embeddable":true,"href":"https:\/\/adelformation.com\/fr\/wp-json\/wp\/v2\/users\/1"}],"replies":[{"embeddable":true,"href":"https:\/\/adelformation.com\/fr\/wp-json\/wp\/v2\/comments?post=206"}],"version-history":[{"count":6,"href":"https:\/\/adelformation.com\/fr\/wp-json\/wp\/v2\/pages\/206\/revisions"}],"predecessor-version":[{"id":761,"href":"https:\/\/adelformation.com\/fr\/wp-json\/wp\/v2\/pages\/206\/revisions\/761"}],"up":[{"embeddable":true,"href":"https:\/\/adelformation.com\/fr\/wp-json\/wp\/v2\/pages\/48"}],"wp:attachment":[{"href":"https:\/\/adelformation.com\/fr\/wp-json\/wp\/v2\/media?parent=206"}],"curies":[{"name":"wp","href":"https:\/\/api.w.org\/{rel}","templated":true}]}}