{"id":209,"date":"2015-03-06T13:06:40","date_gmt":"2015-03-06T13:06:40","guid":{"rendered":"http:\/\/adelformation.com\/fr\/?page_id=209"},"modified":"2015-03-25T15:53:30","modified_gmt":"2015-03-25T15:53:30","slug":"notre-expertise","status":"publish","type":"page","link":"https:\/\/adelformation.com\/fr\/accueil\/prestations\/assistance-import-export-2\/notre-expertise-2\/","title":{"rendered":"Notre expertise"},"content":{"rendered":"<section class=\"entry-content\"><img loading=\"lazy\" decoding=\"async\" class=\"aligncenter wp-image-328 size-full\" src=\"http:\/\/adelformation.com\/wp-content\/uploads\/2015\/03\/321.jpg\" alt=\"321\" width=\"589\" height=\"218\" srcset=\"https:\/\/adelformation.com\/wp-content\/uploads\/2015\/03\/321.jpg 589w, https:\/\/adelformation.com\/wp-content\/uploads\/2015\/03\/321-300x111.jpg 300w, https:\/\/adelformation.com\/wp-content\/uploads\/2015\/03\/321-100x37.jpg 100w\" sizes=\"auto, (max-width: 589px) 100vw, 589px\" \/><\/section>\n<section class=\"entry-content\">Nous g\u00e9rons pour votre compte tous les aspects de vos op\u00e9rations import-export :<\/p>\n<ul>\n<li>Credit documentaire<\/li>\n<li>Cr\u00e9dit transf\u00e9rable et \u00ab\u00a0back-to-back\u00a0\u00bb<\/li>\n<li>Garanties bancaires<\/li>\n<li>RUU 600 et PBIS 2013<\/li>\n<li>Appels d&rsquo;offres internationaux<\/li>\n<li>Transport international<\/li>\n<li>N\u00e9goce international<\/li>\n<li>Financements internationaux<\/li>\n<\/ul>\n<p><img loading=\"lazy\" decoding=\"async\" class=\"item aligncenter wp-image-329 size-full\" src=\"http:\/\/adelformation.com\/wp-content\/uploads\/2015\/03\/adel2.jpg\" alt=\"adel2\" width=\"388\" height=\"437\" srcset=\"https:\/\/adelformation.com\/wp-content\/uploads\/2015\/03\/adel2.jpg 388w, https:\/\/adelformation.com\/wp-content\/uploads\/2015\/03\/adel2-266x300.jpg 266w, https:\/\/adelformation.com\/wp-content\/uploads\/2015\/03\/adel2-100x113.jpg 100w\" sizes=\"auto, (max-width: 388px) 100vw, 388px\" \/><\/p>\n<\/section>","protected":false},"excerpt":{"rendered":"<p>Nous g\u00e9rons pour votre compte tous les aspects de vos op\u00e9rations import-export : Credit documentaire Cr\u00e9dit transf\u00e9rable et \u00ab\u00a0back-to-back\u00a0\u00bb Garanties bancaires RUU 600 et PBIS 2013 Appels d&rsquo;offres internationaux Transport international N\u00e9goce international Financements internationaux<\/p>\n","protected":false},"author":1,"featured_media":0,"parent":206,"menu_order":0,"comment_status":"closed","ping_status":"closed","template":"","meta":{"footnotes":""},"class_list":["post-209","page","type-page","status-publish","hentry","no-post-thumbnail"],"_links":{"self":[{"href":"https:\/\/adelformation.com\/fr\/wp-json\/wp\/v2\/pages\/209","targetHints":{"allow":["GET"]}}],"collection":[{"href":"https:\/\/adelformation.com\/fr\/wp-json\/wp\/v2\/pages"}],"about":[{"href":"https:\/\/adelformation.com\/fr\/wp-json\/wp\/v2\/types\/page"}],"author":[{"embeddable":true,"href":"https:\/\/adelformation.com\/fr\/wp-json\/wp\/v2\/users\/1"}],"replies":[{"embeddable":true,"href":"https:\/\/adelformation.com\/fr\/wp-json\/wp\/v2\/comments?post=209"}],"version-history":[{"count":10,"href":"https:\/\/adelformation.com\/fr\/wp-json\/wp\/v2\/pages\/209\/revisions"}],"predecessor-version":[{"id":561,"href":"https:\/\/adelformation.com\/fr\/wp-json\/wp\/v2\/pages\/209\/revisions\/561"}],"up":[{"embeddable":true,"href":"https:\/\/adelformation.com\/fr\/wp-json\/wp\/v2\/pages\/206"}],"wp:attachment":[{"href":"https:\/\/adelformation.com\/fr\/wp-json\/wp\/v2\/media?parent=209"}],"curies":[{"name":"wp","href":"https:\/\/api.w.org\/{rel}","templated":true}]}}