{"id":211,"date":"2015-03-06T13:08:54","date_gmt":"2015-03-06T13:08:54","guid":{"rendered":"http:\/\/adelformation.com\/fr\/?page_id=211"},"modified":"2022-06-11T20:09:43","modified_gmt":"2022-06-11T20:09:43","slug":"credit-documentaire-2","status":"publish","type":"page","link":"https:\/\/adelformation.com\/fr\/accueil\/prestations\/credit-documentaire-2\/","title":{"rendered":"Cr\u00e9dit documentaire"},"content":{"rendered":"<p style=\"text-align: justify;\"><a href=\"https:\/\/www.adelformation.com\/wp-content\/uploads\/2015\/04\/maquette-fotolia_42769670.jpg\"><img loading=\"lazy\" decoding=\"async\" class=\"wp-image-843 size-medium aligncenter\" src=\"https:\/\/www.adelformation.com\/wp-content\/uploads\/2015\/04\/maquette-fotolia_42769670-300x86.jpg\" alt=\"\" width=\"300\" height=\"86\" srcset=\"https:\/\/adelformation.com\/wp-content\/uploads\/2015\/04\/maquette-fotolia_42769670-300x86.jpg 300w, https:\/\/adelformation.com\/wp-content\/uploads\/2015\/04\/maquette-fotolia_42769670-100x29.jpg 100w, https:\/\/adelformation.com\/wp-content\/uploads\/2015\/04\/maquette-fotolia_42769670.jpg 512w\" sizes=\"auto, (max-width: 300px) 100vw, 300px\" \/><\/a>Afin de s&rsquo;implanter ou se d\u00e9velopper \u00e0 l&rsquo;international, les entreprises ont besoin de se doter de collaborateurs ayant des\u00a0solides connaissances dans\u00a0l&rsquo;import\/export et en particulier en ce qui concerne les techniques de paiement.<\/p>\n<p style=\"text-align: justify;\">La mise en place d&rsquo;un cr\u00e9dit documentaire est souvent n\u00e9cessaire pour s\u00e9curiser les op\u00e9rations avec l&rsquo;\u00e9tranger, en particulier avec les pays \u00e0 risques. Cette technique de paiement n\u00e9cessite, cependant, une gestion documentaire lourde ainsi qu&rsquo;une expertise qui fait souvent d\u00e9faut dans les entreprises.<\/p>\n<p style=\"text-align: justify;\">Nous experts sp\u00e9cialistes des moyens de paiement internationaux sont en mesure de prendre en charge la gestion op\u00e9rationnelle de vos cr\u00e9dits documentaires.<\/p>","protected":false},"excerpt":{"rendered":"<p>Afin de s&rsquo;implanter ou se d\u00e9velopper \u00e0 l&rsquo;international, les entreprises ont besoin de se doter de collaborateurs ayant des\u00a0solides connaissances dans\u00a0l&rsquo;import\/export et en particulier en ce qui concerne les techniques de paiement. La mise en place d&rsquo;un cr\u00e9dit documentaire est souvent n\u00e9cessaire pour s\u00e9curiser les op\u00e9rations avec l&rsquo;\u00e9tranger, en particulier avec les pays \u00e0 risques. Cette technique de paiement n\u00e9cessite, &#8230; <\/p>\n<div><a href=\"https:\/\/adelformation.com\/fr\/accueil\/prestations\/credit-documentaire-2\/\" class=\"more-link\">Read More<\/a><\/div>\n","protected":false},"author":1,"featured_media":0,"parent":48,"menu_order":0,"comment_status":"closed","ping_status":"closed","template":"","meta":{"footnotes":""},"class_list":["post-211","page","type-page","status-publish","hentry","no-post-thumbnail"],"_links":{"self":[{"href":"https:\/\/adelformation.com\/fr\/wp-json\/wp\/v2\/pages\/211","targetHints":{"allow":["GET"]}}],"collection":[{"href":"https:\/\/adelformation.com\/fr\/wp-json\/wp\/v2\/pages"}],"about":[{"href":"https:\/\/adelformation.com\/fr\/wp-json\/wp\/v2\/types\/page"}],"author":[{"embeddable":true,"href":"https:\/\/adelformation.com\/fr\/wp-json\/wp\/v2\/users\/1"}],"replies":[{"embeddable":true,"href":"https:\/\/adelformation.com\/fr\/wp-json\/wp\/v2\/comments?post=211"}],"version-history":[{"count":10,"href":"https:\/\/adelformation.com\/fr\/wp-json\/wp\/v2\/pages\/211\/revisions"}],"predecessor-version":[{"id":1306,"href":"https:\/\/adelformation.com\/fr\/wp-json\/wp\/v2\/pages\/211\/revisions\/1306"}],"up":[{"embeddable":true,"href":"https:\/\/adelformation.com\/fr\/wp-json\/wp\/v2\/pages\/48"}],"wp:attachment":[{"href":"https:\/\/adelformation.com\/fr\/wp-json\/wp\/v2\/media?parent=211"}],"curies":[{"name":"wp","href":"https:\/\/api.w.org\/{rel}","templated":true}]}}