{"id":214,"date":"2015-03-06T13:10:43","date_gmt":"2015-03-06T13:10:43","guid":{"rendered":"http:\/\/adelformation.com\/fr\/?page_id=214"},"modified":"2015-04-03T23:40:35","modified_gmt":"2015-04-03T23:40:35","slug":"champs-dintervention","status":"publish","type":"page","link":"https:\/\/adelformation.com\/fr\/accueil\/prestations\/credit-documentaire-2\/champs-d-intervention-2\/","title":{"rendered":"Champs d&rsquo;intervention"},"content":{"rendered":"<img loading=\"lazy\" decoding=\"async\" class=\"aligncenter wp-image-336 size-full\" src=\"http:\/\/adelformation.com\/wp-content\/uploads\/2015\/03\/324.jpg\" alt=\"324\" width=\"589\" height=\"218\" srcset=\"https:\/\/adelformation.com\/wp-content\/uploads\/2015\/03\/324.jpg 589w, https:\/\/adelformation.com\/wp-content\/uploads\/2015\/03\/324-300x111.jpg 300w, https:\/\/adelformation.com\/wp-content\/uploads\/2015\/03\/324-100x37.jpg 100w\" sizes=\"auto, (max-width: 589px) 100vw, 589px\" \/><\/p>\n<p style=\"text-align: justify;\">Trop de chefs d&rsquo;entreprises se retrouvent seuls pour g\u00e9rer les aspects documentaires des contrats internationaux, \u00e0 l&rsquo;import comme \u00e0 l&rsquo;export.<\/p>\n<p style=\"text-align: justify;\"><strong><br \/>\n<\/strong><strong>Nos Experts du cr\u00e9dit documentaire, se chargent de :<\/strong><\/p>\n<ul style=\"text-align: justify;\">\n<li>Vous aider \u00e0 analyser et \u00e0 d\u00e9finir vos besoins pour la mise en place d&rsquo;un cr\u00e9dit documentaire, \u00e0 l&rsquo;importation comme \u00e0 l&rsquo;exportation,<\/li>\n<li>V\u00e9rifier et corriger tous vos documents et ceux de vos prestataires (documents de transport, certificats d&rsquo;origine, visas consulaires, certificats sanitaires, certificats d&rsquo;inspection, etc.). Les statistiques montrent que dans environ 70% des cas, les documents pr\u00e9sent\u00e9s par les exportateurs contiennent des irr\u00e9gularit\u00e9s !<\/li>\n<li>R\u00e9duire les frais bancaires et financiers de ces op\u00e9rations (environ 10 \u00e0 20% selon les cas) et acc\u00e9l\u00e9rer le d\u00e9lai de recouvrement des fonds,<\/li>\n<\/ul>\n<p style=\"text-align: justify;\"><strong><br \/>\n<\/strong><strong>Gr\u00e2ce \u00e0 l&rsquo;assistance de ADEL FORMATION, le chef d&rsquo;entreprise sera en mesure de r\u00e9pondre de mani\u00e8re efficiente, aux probl\u00e9matiques suivantes :<\/strong><\/p>\n<p style=\"text-align: justify;\"><strong><br \/>\n<\/strong><strong>Au moment de la n\u00e9gociation du contrat\u00a0<\/strong><\/p>\n<ul style=\"text-align: justify;\">\n<li>Quel choix op\u00e9rer entre une remise documentaire, un cr\u00e9dit documentaire ou encore une L\/C standby ?<\/li>\n<li>Comment financer l&rsquo;achat de mati\u00e8res premi\u00e8res pour la mise en fabrication ? Quelles s\u00e9curit\u00e9s apporter au banquier \u00e9metteur ?<\/li>\n<li>Comment \u00eatre s\u00fbr de s\u00e9curiser la bonne ex\u00e9cution et le paiement d&rsquo;une op\u00e9ration ?<\/li>\n<li>Comment s\u00e9curiser les acomptes avec son fournisseur ?<\/li>\n<\/ul>\n<p style=\"text-align: justify;\"><strong><br \/>\n<\/strong><strong>Lors de l&rsquo;\u00e9mission du cr\u00e9dit documentaire\u00a0<\/strong><\/p>\n<ul style=\"text-align: justify;\">\n<li>Quels documents demander pour \u00e9viter les incompatibilit\u00e9s et garantir la bonne fin de l&rsquo;op\u00e9ration en fonction de l&rsquo;Incoterm utilis\u00e9 ?<\/li>\n<li>Comment limiter les frais et respecter les pratiques bancaires qui r\u00e9gissent les cr\u00e9dits documentaires ?<\/li>\n<\/ul>\n<p style=\"text-align: justify;\"><strong><br \/>\n<\/strong><strong>Lors de la r\u00e9alisation du cr\u00e9dit<\/strong><\/p>\n<ul style=\"text-align: justify;\">\n<li>Comment \u00eatre certain que les documents sont conformes et \u00e9viter les r\u00e9serves ?<\/li>\n<li>Que faire en cas de r\u00e9serves du banquier ?<\/li>\n<\/ul>\n<p style=\"text-align: justify;\">ADEL FORMATION peut intervenir sur ces questions et plus g\u00e9n\u00e9ralement sur toutes les probl\u00e9matiques des techniques documentaires de paiement (credoc, L\/C standby, garantie bancaire), aussi bien dans le cadre d&rsquo;une importation que d&rsquo;une exportation.<\/p>","protected":false},"excerpt":{"rendered":"<p>Trop de chefs d&rsquo;entreprises se retrouvent seuls pour g\u00e9rer les aspects documentaires des contrats internationaux, \u00e0 l&rsquo;import comme \u00e0 l&rsquo;export. Nos Experts du cr\u00e9dit documentaire, se chargent de : Vous aider \u00e0 analyser et \u00e0 d\u00e9finir vos besoins pour la mise en place d&rsquo;un cr\u00e9dit documentaire, \u00e0 l&rsquo;importation comme \u00e0 l&rsquo;exportation, V\u00e9rifier et corriger tous vos documents et ceux de &#8230; <\/p>\n<div><a href=\"https:\/\/adelformation.com\/fr\/accueil\/prestations\/credit-documentaire-2\/champs-d-intervention-2\/\" class=\"more-link\">Read More<\/a><\/div>\n","protected":false},"author":1,"featured_media":0,"parent":211,"menu_order":0,"comment_status":"closed","ping_status":"closed","template":"","meta":{"footnotes":""},"class_list":["post-214","page","type-page","status-publish","hentry","no-post-thumbnail"],"_links":{"self":[{"href":"https:\/\/adelformation.com\/fr\/wp-json\/wp\/v2\/pages\/214","targetHints":{"allow":["GET"]}}],"collection":[{"href":"https:\/\/adelformation.com\/fr\/wp-json\/wp\/v2\/pages"}],"about":[{"href":"https:\/\/adelformation.com\/fr\/wp-json\/wp\/v2\/types\/page"}],"author":[{"embeddable":true,"href":"https:\/\/adelformation.com\/fr\/wp-json\/wp\/v2\/users\/1"}],"replies":[{"embeddable":true,"href":"https:\/\/adelformation.com\/fr\/wp-json\/wp\/v2\/comments?post=214"}],"version-history":[{"count":7,"href":"https:\/\/adelformation.com\/fr\/wp-json\/wp\/v2\/pages\/214\/revisions"}],"predecessor-version":[{"id":779,"href":"https:\/\/adelformation.com\/fr\/wp-json\/wp\/v2\/pages\/214\/revisions\/779"}],"up":[{"embeddable":true,"href":"https:\/\/adelformation.com\/fr\/wp-json\/wp\/v2\/pages\/211"}],"wp:attachment":[{"href":"https:\/\/adelformation.com\/fr\/wp-json\/wp\/v2\/media?parent=214"}],"curies":[{"name":"wp","href":"https:\/\/api.w.org\/{rel}","templated":true}]}}