{"id":217,"date":"2015-03-06T13:14:18","date_gmt":"2015-03-06T13:14:18","guid":{"rendered":"http:\/\/adelformation.com\/fr\/?page_id=217"},"modified":"2015-04-03T23:23:45","modified_gmt":"2015-04-03T23:23:45","slug":"appels-doffres-2","status":"publish","type":"page","link":"https:\/\/adelformation.com\/fr\/accueil\/prestations\/appels-d-offres-2\/","title":{"rendered":"Appels d&rsquo;offres"},"content":{"rendered":"<a href=\"http:\/\/adelformation.com\/wp-content\/uploads\/2015\/03\/329.jpg\"><img loading=\"lazy\" decoding=\"async\" class=\"aligncenter wp-image-346 size-full\" src=\"http:\/\/adelformation.com\/wp-content\/uploads\/2015\/03\/329.jpg\" alt=\"329\" width=\"589\" height=\"218\" srcset=\"https:\/\/adelformation.com\/wp-content\/uploads\/2015\/03\/329.jpg 589w, https:\/\/adelformation.com\/wp-content\/uploads\/2015\/03\/329-300x111.jpg 300w, https:\/\/adelformation.com\/wp-content\/uploads\/2015\/03\/329-100x37.jpg 100w\" sizes=\"auto, (max-width: 589px) 100vw, 589px\" \/><\/a><\/p>\n<p style=\"text-align: justify;\">L\u2019analyse du cahier des charges, la r\u00e9daction des documents de la soumission et le suivi de la proc\u00e9dure dans le cadre d\u2019un appel d\u2019offre international sont des t\u00e2ches qui rebutent souvent l\u2019exportateur en raison de leur complexit\u00e9.<\/p>\n<p style=\"text-align: justify;\">Les Experts d&rsquo;ADEL FORMATION prennent en charge la gestion compl\u00e8te du dossier d\u2019appel d\u2019offres depuis son \u00e9tude jusqu\u2019\u00e0 la n\u00e9gociation \u00e9ventuelle du contrat :<\/p>\n<ul style=\"text-align: justify;\">\n<li>Analyse du dossier et recommandations au client sur les diff\u00e9rents points cl\u00e9s (risques encourus, garanties de paiement, implications juridiques\u2026),<\/li>\n<li>R\u00e9daction des documents de la soumission en conformit\u00e9 avec les termes de l\u2019appel d\u2019offres,<\/li>\n<li>Analyse des conditions financi\u00e8res et en particulier des garanties de march\u00e9 \u00e0 mettre en place par l\u2019exportateur et recommandations au client,<\/li>\n<li>Recherche de financement (cr\u00e9dit acheteur, cr\u00e9dit fournisseur, forfaiting\u2026) ou de cr\u00e9dit de tr\u00e9sorerie pour financer la fabrication des produits,<\/li>\n<li>Mise en place et suivi des garanties de march\u00e9 jusqu\u2019\u00e0 leur mainlev\u00e9e,<\/li>\n<li>Mise en place des garanties ad\u00e9quates d\u2019assurance-cr\u00e9dit pour la couverture des diff\u00e9rents risques (risque de cr\u00e9dit, risque de fabrication\u2026),<\/li>\n<li>Mise en place et gestion des couvertures de change,<\/li>\n<li>N\u00e9gociation du contrat avec l\u2019entit\u00e9 adjudicatrice en cas de notification d\u2019attribution du march\u00e9,<\/li>\n<\/ul>\n<p style=\"text-align: justify;\">L\u2019intervention de nos Experts vous permettra de ma\u00eetriser les risques et de r\u00e9aliser des \u00e9conomies substantielles :<\/p>\n<ul>\n<li style=\"text-align: justify;\"><strong>De temps<\/strong>, en vous \u00e9vitant de mobiliser des ressources internes \u00e0 l\u2019entreprise qui pourront se concentrer sur les aspects techniques constituant votre c\u0153ur de m\u00e9tier,<\/li>\n<li style=\"text-align: justify;\"><strong>D\u2019argent<\/strong>, en \u00e9vitant les surco\u00fbts cons\u00e9cutifs \u00e0 des soumissions mal ma\u00eetris\u00e9s (frais financiers, probl\u00e8mes li\u00e9s aux cautions de march\u00e9, garanties de paiement inadapt\u00e9es, mauvaise interpr\u00e9tation des termes du dossier d\u2019appel d\u2019offres\u2026).<\/li>\n<\/ul>","protected":false},"excerpt":{"rendered":"<p>L\u2019analyse du cahier des charges, la r\u00e9daction des documents de la soumission et le suivi de la proc\u00e9dure dans le cadre d\u2019un appel d\u2019offre international sont des t\u00e2ches qui rebutent souvent l\u2019exportateur en raison de leur complexit\u00e9. Les Experts d&rsquo;ADEL FORMATION prennent en charge la gestion compl\u00e8te du dossier d\u2019appel d\u2019offres depuis son \u00e9tude jusqu\u2019\u00e0 la n\u00e9gociation \u00e9ventuelle du contrat &#8230; <\/p>\n<div><a href=\"https:\/\/adelformation.com\/fr\/accueil\/prestations\/appels-d-offres-2\/\" class=\"more-link\">Read More<\/a><\/div>\n","protected":false},"author":1,"featured_media":0,"parent":48,"menu_order":0,"comment_status":"closed","ping_status":"closed","template":"","meta":{"footnotes":""},"class_list":["post-217","page","type-page","status-publish","hentry","no-post-thumbnail"],"_links":{"self":[{"href":"https:\/\/adelformation.com\/fr\/wp-json\/wp\/v2\/pages\/217","targetHints":{"allow":["GET"]}}],"collection":[{"href":"https:\/\/adelformation.com\/fr\/wp-json\/wp\/v2\/pages"}],"about":[{"href":"https:\/\/adelformation.com\/fr\/wp-json\/wp\/v2\/types\/page"}],"author":[{"embeddable":true,"href":"https:\/\/adelformation.com\/fr\/wp-json\/wp\/v2\/users\/1"}],"replies":[{"embeddable":true,"href":"https:\/\/adelformation.com\/fr\/wp-json\/wp\/v2\/comments?post=217"}],"version-history":[{"count":6,"href":"https:\/\/adelformation.com\/fr\/wp-json\/wp\/v2\/pages\/217\/revisions"}],"predecessor-version":[{"id":760,"href":"https:\/\/adelformation.com\/fr\/wp-json\/wp\/v2\/pages\/217\/revisions\/760"}],"up":[{"embeddable":true,"href":"https:\/\/adelformation.com\/fr\/wp-json\/wp\/v2\/pages\/48"}],"wp:attachment":[{"href":"https:\/\/adelformation.com\/fr\/wp-json\/wp\/v2\/media?parent=217"}],"curies":[{"name":"wp","href":"https:\/\/api.w.org\/{rel}","templated":true}]}}