{"id":230,"date":"2015-03-06T13:23:36","date_gmt":"2015-03-06T13:23:36","guid":{"rendered":"http:\/\/adelformation.com\/fr\/?page_id=230"},"modified":"2015-04-03T23:55:31","modified_gmt":"2015-04-03T23:55:31","slug":"qui-sommes-nous-3","status":"publish","type":"page","link":"https:\/\/adelformation.com\/fr\/accueil\/qui-sommes-nous\/","title":{"rendered":"Qui sommes-nous  ?"},"content":{"rendered":"<a href=\"http:\/\/adelformation.com\/wp-content\/uploads\/2015\/03\/PHOTO-2-Blois-une-conference-sur-l-innovation-a-l-international-chez-Procter-Gamble_large-d\u00e9coup\u00e9e.jpg\"><img loading=\"lazy\" decoding=\"async\" class=\"aligncenter wp-image-718 size-full\" src=\"http:\/\/adelformation.com\/wp-content\/uploads\/2015\/03\/PHOTO-2-Blois-une-conference-sur-l-innovation-a-l-international-chez-Procter-Gamble_large-d\u00e9coup\u00e9e.jpg\" alt=\"PHOTO 2 Blois-une-conference-sur-l-innovation-a-l-international-chez-Procter-Gamble_large d\u00e9coup\u00e9e\" width=\"589\" height=\"218\" srcset=\"https:\/\/adelformation.com\/wp-content\/uploads\/2015\/03\/PHOTO-2-Blois-une-conference-sur-l-innovation-a-l-international-chez-Procter-Gamble_large-d\u00e9coup\u00e9e.jpg 589w, https:\/\/adelformation.com\/wp-content\/uploads\/2015\/03\/PHOTO-2-Blois-une-conference-sur-l-innovation-a-l-international-chez-Procter-Gamble_large-d\u00e9coup\u00e9e-300x111.jpg 300w, https:\/\/adelformation.com\/wp-content\/uploads\/2015\/03\/PHOTO-2-Blois-une-conference-sur-l-innovation-a-l-international-chez-Procter-Gamble_large-d\u00e9coup\u00e9e-100x37.jpg 100w\" sizes=\"auto, (max-width: 589px) 100vw, 589px\" \/><\/a><\/p>\n<p style=\"text-align: justify;\">Nos experts peuvent vous accompagner dans le cadre de vos op\u00e9rations internationales en formant vos cadres ou en vous assistant pour la gestion op\u00e9rationnelle de vos proc\u00e9dures ainsi que pour aborder certains march\u00e9s \u00e9trangers o\u00f9 nous disposons de contacts privil\u00e9gi\u00e9s.<\/p>","protected":false},"excerpt":{"rendered":"<p>Nos experts peuvent vous accompagner dans le cadre de vos op\u00e9rations internationales en formant vos cadres ou en vous assistant pour la gestion op\u00e9rationnelle de vos proc\u00e9dures ainsi que pour aborder certains march\u00e9s \u00e9trangers o\u00f9 nous disposons de contacts privil\u00e9gi\u00e9s.<\/p>\n","protected":false},"author":1,"featured_media":0,"parent":9,"menu_order":0,"comment_status":"closed","ping_status":"closed","template":"","meta":{"footnotes":""},"class_list":["post-230","page","type-page","status-publish","hentry","no-post-thumbnail"],"_links":{"self":[{"href":"https:\/\/adelformation.com\/fr\/wp-json\/wp\/v2\/pages\/230","targetHints":{"allow":["GET"]}}],"collection":[{"href":"https:\/\/adelformation.com\/fr\/wp-json\/wp\/v2\/pages"}],"about":[{"href":"https:\/\/adelformation.com\/fr\/wp-json\/wp\/v2\/types\/page"}],"author":[{"embeddable":true,"href":"https:\/\/adelformation.com\/fr\/wp-json\/wp\/v2\/users\/1"}],"replies":[{"embeddable":true,"href":"https:\/\/adelformation.com\/fr\/wp-json\/wp\/v2\/comments?post=230"}],"version-history":[{"count":9,"href":"https:\/\/adelformation.com\/fr\/wp-json\/wp\/v2\/pages\/230\/revisions"}],"predecessor-version":[{"id":1489,"href":"https:\/\/adelformation.com\/fr\/wp-json\/wp\/v2\/pages\/230\/revisions\/1489"}],"up":[{"embeddable":true,"href":"https:\/\/adelformation.com\/fr\/wp-json\/wp\/v2\/pages\/9"}],"wp:attachment":[{"href":"https:\/\/adelformation.com\/fr\/wp-json\/wp\/v2\/media?parent=230"}],"curies":[{"name":"wp","href":"https:\/\/api.w.org\/{rel}","templated":true}]}}