{"id":236,"date":"2015-03-06T13:29:49","date_gmt":"2015-03-06T13:29:49","guid":{"rendered":"http:\/\/adelformation.com\/fr\/?page_id=236"},"modified":"2015-03-30T19:15:41","modified_gmt":"2015-03-30T19:15:41","slug":"references","status":"publish","type":"page","link":"https:\/\/adelformation.com\/fr\/accueil\/references\/","title":{"rendered":"R\u00e9f\u00e9rences"},"content":{"rendered":"<a href=\"http:\/\/adelformation.com\/wp-content\/uploads\/2015\/03\/triple-A-d\u00e9coup\u00e9e.jpg\"><img loading=\"lazy\" decoding=\"async\" class=\"aligncenter wp-image-723 size-full\" src=\"http:\/\/adelformation.com\/wp-content\/uploads\/2015\/03\/triple-A-d\u00e9coup\u00e9e.jpg\" alt=\"triple A d\u00e9coup\u00e9e\" width=\"589\" height=\"218\" srcset=\"https:\/\/adelformation.com\/wp-content\/uploads\/2015\/03\/triple-A-d\u00e9coup\u00e9e.jpg 589w, https:\/\/adelformation.com\/wp-content\/uploads\/2015\/03\/triple-A-d\u00e9coup\u00e9e-300x111.jpg 300w, https:\/\/adelformation.com\/wp-content\/uploads\/2015\/03\/triple-A-d\u00e9coup\u00e9e-100x37.jpg 100w\" sizes=\"auto, (max-width: 589px) 100vw, 589px\" \/><\/a><\/p>\n<p>Nous disposons de nombreuses r\u00e9f\u00e9rences aussi bien au niveau des grands groupes que des PME. Nos clients se situent principalement en France, mais \u00e9galement \u00e0 l&rsquo;\u00e9tranger (Maghreb, Afrique de l&rsquo;Ouest, Moyen-Orient).<\/p>\n<p>Vous trouverez ci-apr\u00e8s quelques noms d&rsquo;entreprises o\u00f9 nous sommes intervenus dans le cadre de la formation ou du conseil.","protected":false},"excerpt":{"rendered":"<p>Nous disposons de nombreuses r\u00e9f\u00e9rences aussi bien au niveau des grands groupes que des PME. Nos clients se situent principalement en France, mais \u00e9galement \u00e0 l&rsquo;\u00e9tranger (Maghreb, Afrique de l&rsquo;Ouest, Moyen-Orient). Vous trouverez ci-apr\u00e8s quelques noms d&rsquo;entreprises o\u00f9 nous sommes intervenus dans le cadre de la formation ou du conseil.<\/p>\n","protected":false},"author":1,"featured_media":0,"parent":9,"menu_order":0,"comment_status":"closed","ping_status":"closed","template":"","meta":{"footnotes":""},"class_list":["post-236","page","type-page","status-publish","hentry","no-post-thumbnail"],"_links":{"self":[{"href":"https:\/\/adelformation.com\/fr\/wp-json\/wp\/v2\/pages\/236","targetHints":{"allow":["GET"]}}],"collection":[{"href":"https:\/\/adelformation.com\/fr\/wp-json\/wp\/v2\/pages"}],"about":[{"href":"https:\/\/adelformation.com\/fr\/wp-json\/wp\/v2\/types\/page"}],"author":[{"embeddable":true,"href":"https:\/\/adelformation.com\/fr\/wp-json\/wp\/v2\/users\/1"}],"replies":[{"embeddable":true,"href":"https:\/\/adelformation.com\/fr\/wp-json\/wp\/v2\/comments?post=236"}],"version-history":[{"count":5,"href":"https:\/\/adelformation.com\/fr\/wp-json\/wp\/v2\/pages\/236\/revisions"}],"predecessor-version":[{"id":725,"href":"https:\/\/adelformation.com\/fr\/wp-json\/wp\/v2\/pages\/236\/revisions\/725"}],"up":[{"embeddable":true,"href":"https:\/\/adelformation.com\/fr\/wp-json\/wp\/v2\/pages\/9"}],"wp:attachment":[{"href":"https:\/\/adelformation.com\/fr\/wp-json\/wp\/v2\/media?parent=236"}],"curies":[{"name":"wp","href":"https:\/\/api.w.org\/{rel}","templated":true}]}}