{"id":272,"date":"2015-03-06T14:06:27","date_gmt":"2015-03-06T14:06:27","guid":{"rendered":"http:\/\/adelformation.com\/fr\/?page_id=272"},"modified":"2015-04-04T11:27:42","modified_gmt":"2015-04-04T11:27:42","slug":"presentation","status":"publish","type":"page","link":"https:\/\/adelformation.com\/fr\/accueil\/qui-sommes-nous\/presentation\/","title":{"rendered":"Pr\u00e9sentation"},"content":{"rendered":"<img loading=\"lazy\" decoding=\"async\" class=\" wp-image-372 size-full aligncenter\" src=\"http:\/\/adelformation.com\/wp-content\/uploads\/2015\/03\/119.jpg\" alt=\"119\" width=\"589\" height=\"218\" srcset=\"https:\/\/adelformation.com\/wp-content\/uploads\/2015\/03\/119.jpg 589w, https:\/\/adelformation.com\/wp-content\/uploads\/2015\/03\/119-300x111.jpg 300w, https:\/\/adelformation.com\/wp-content\/uploads\/2015\/03\/119-100x37.jpg 100w\" sizes=\"auto, (max-width: 589px) 100vw, 589px\" \/><\/p>\n<p>ADEL FORMATION est un groupement de consultants sp\u00e9cialistes du commerce international.<\/p>\n<p>Nos consultants vous assistent et vous conseillent en fonction de vos besoins sur tous les aspects ci-dessous :<\/p>\n<p><a href=\"http:\/\/adelformation.com\/wp-content\/uploads\/2015\/03\/formations.png\"><img loading=\"lazy\" decoding=\"async\" class=\"item-special aligncenter wp-image-373\" src=\"http:\/\/adelformation.com\/wp-content\/uploads\/2015\/03\/formations.png\" alt=\"formations\" width=\"660\" height=\"64\" srcset=\"https:\/\/adelformation.com\/wp-content\/uploads\/2015\/03\/formations.png 571w, https:\/\/adelformation.com\/wp-content\/uploads\/2015\/03\/formations-300x29.png 300w, https:\/\/adelformation.com\/wp-content\/uploads\/2015\/03\/formations-100x10.png 100w\" sizes=\"auto, (max-width: 660px) 100vw, 660px\" \/><\/a><\/p>\n<p style=\"text-align: justify;\">La vocation de www.adelformation.com est d&rsquo;assister les entreprises pour assurer notamment la r\u00e9alisation op\u00e9rationnelle des t\u00e2ches suivantes :<\/p>\n<ul style=\"text-align: justify;\">\n<li>G\u00e9rer de A \u00e0 Z et s\u00e9curiser des proc\u00e9dures \u00e0 l&rsquo;import comme \u00e0 l&rsquo;export,<\/li>\n<li>S\u00e9curiser des proc\u00e9dures de paiement (L\/C, garantie bancaire, L\/C standby&#8230;)<\/li>\n<li>Former les personnels aux techniques de l&rsquo;import\/export<\/li>\n<li>Elaborer des \u00e9tudes de march\u00e9 et des business plan au niveau international<\/li>\n<li>Elaborer des plans strat\u00e9giques de d\u00e9veloppement \u00e0 l&rsquo;international,<\/li>\n<li>Mettre en oeuvre une prospection internationale et le suivi d&rsquo;une client\u00e8le \u00e0 l&rsquo;\u00e9tranger<\/li>\n<li>Rechercher des partenaires dans le cadre de projets internationaux<\/li>\n<li>Organiser l&rsquo;implantation de filiales \u00e0 l&rsquo;\u00e9tranger<\/li>\n<li>Rechercher et mettre en place des solutions transport<\/li>\n<\/ul>\n<p style=\"text-align: justify;\"><strong><br \/>\n<\/strong><strong>LE FONDATEUR<\/strong><\/p>\n<p style=\"text-align: justify;\"><strong>Ange CUBEDDU<\/strong>, Dipl\u00f4m\u00e9 de l&rsquo;IAE de Paris et du CNAM, exerce simultan\u00e9ment depuis plus de 20 ans en tant que praticien du commerce international et en tant que conseil d&rsquo;entreprise et formateur, aussi bien \u00e0 l\u2019Universit\u00e9 que dans le cadre de la formation continue inter ou intra.<\/p>\n<p style=\"text-align: justify;\">C\u2019est un sp\u00e9cialiste du trading et des aspects techniques du commerce international :<\/p>\n<ul style=\"text-align: justify;\">\n<li>\n<div>Paiements internationaux<\/div>\n<\/li>\n<li>Cr\u00e9dit documentaire<\/li>\n<li>Garanties bancaires<\/li>\n<li>Incoterms<\/li>\n<li>Financements internationaux<\/li>\n<\/ul>\n<p style=\"text-align: justify;\">Son approche pluridisciplinaire lui permet d\u2019\u00eatre consult\u00e9 par des dirigeants d\u2019entreprise aussi bien dans le cadre du conseil que de la formation.<\/p>\n<p style=\"text-align: justify;\">Son savoir \u00ab transmettre \u00bb lui permet de former des groupes importants de salari\u00e9s et de s\u2019assurer de la mise en application des ses recommandations.<strong><br \/>\n<\/strong><\/p>\n<p style=\"text-align: justify;\"><strong>QUELLES SONT NOS SPECIFICITES ?<\/strong><\/p>\n<p style=\"text-align: justify;\">Nous disposons d&rsquo;un haut niveau d&rsquo;expertise bas\u00e9 sur nos exp\u00e9riences et comp\u00e9tences multisectorielles en mati\u00e8re de commerce international.<\/p>\n<p style=\"text-align: justify;\">Nous intervenons en particulier sur les aspects techniques du commerce international (aspects contractuels, paiement, transport, douane, financement&#8230;), mais \u00e9galement dans le cadre des aspects marketing et commerciaux (\u00e9tude de march\u00e9, business plan international, prospection internationale&#8230;).<\/p>\n<p style=\"text-align: justify;\">Notre vocation est de vous assister ou de prendre compl\u00e8tement en charge la r\u00e9alisation op\u00e9rationnelle de t\u00e2ches diverses et vari\u00e9es, dont voici quelques exemples :<\/p>\n<ul style=\"text-align: justify;\">\n<li><strong>Gestion externalis\u00e9e<\/strong> de proc\u00e9dures \u00e0 l&rsquo;import comme \u00e0 l&rsquo;export (vente, achat, transport, paiement&#8230;)<\/li>\n<li><strong>Gestion externalis\u00e9e de cr\u00e9dits documentaires<\/strong> (credoc classique, L\/C standby&#8230;)<\/li>\n<li><strong>Elaboration de soumissions<\/strong> dans le cadre d&rsquo;appels d&rsquo;offres internationaux<\/li>\n<li>Montage d&rsquo;op\u00e9rations de n\u00e9goce international (L\/C transf\u00e9rable, back-to-back)<\/li>\n<li>Recherche et mise en place de solutions transport (transport conteneuris\u00e9, affr\u00e8tement de navires)<\/li>\n<li>Elaboration d&rsquo;\u00e9tudes de march\u00e9 et de business plan au niveau international<\/li>\n<li>Mise en place d&rsquo;une prospection internationale<\/li>\n<li>Recherche de <strong>financements<\/strong> export ou d&rsquo;une assurance-cr\u00e9dit<\/li>\n<li>Recherche de fournisseurs ou de partenaires au niveau international<\/li>\n<\/ul>\n<p style=\"text-align: justify;\">Notre intervention va notamment vous permettre de r\u00e9aliser des <strong>\u00e9conomies substancielles<\/strong>en termes de frais bancaires et financiers (entre 10 et 20 %) sur les proc\u00e9dures de paiement et de financement export (L\/C, assurance-cr\u00e9dit, cautions de march\u00e9&#8230;), tout en maximisant les s\u00e9curisation de vos op\u00e9rations.<\/p>\n<p style=\"text-align: justify;\">La plupart de nos prestations sont \u00e9ligibles aux diff\u00e9rentes aides \u00e0 l\u2019export.<\/p>","protected":false},"excerpt":{"rendered":"<p>ADEL FORMATION est un groupement de consultants sp\u00e9cialistes du commerce international. Nos consultants vous assistent et vous conseillent en fonction de vos besoins sur tous les aspects ci-dessous : La vocation de www.adelformation.com est d&rsquo;assister les entreprises pour assurer notamment la r\u00e9alisation op\u00e9rationnelle des t\u00e2ches suivantes : G\u00e9rer de A \u00e0 Z et s\u00e9curiser des proc\u00e9dures \u00e0 l&rsquo;import comme \u00e0 &#8230; <\/p>\n<div><a href=\"https:\/\/adelformation.com\/fr\/accueil\/qui-sommes-nous\/presentation\/\" class=\"more-link\">Read More<\/a><\/div>\n","protected":false},"author":1,"featured_media":0,"parent":230,"menu_order":0,"comment_status":"closed","ping_status":"closed","template":"","meta":{"footnotes":""},"class_list":["post-272","page","type-page","status-publish","hentry","no-post-thumbnail"],"_links":{"self":[{"href":"https:\/\/adelformation.com\/fr\/wp-json\/wp\/v2\/pages\/272","targetHints":{"allow":["GET"]}}],"collection":[{"href":"https:\/\/adelformation.com\/fr\/wp-json\/wp\/v2\/pages"}],"about":[{"href":"https:\/\/adelformation.com\/fr\/wp-json\/wp\/v2\/types\/page"}],"author":[{"embeddable":true,"href":"https:\/\/adelformation.com\/fr\/wp-json\/wp\/v2\/users\/1"}],"replies":[{"embeddable":true,"href":"https:\/\/adelformation.com\/fr\/wp-json\/wp\/v2\/comments?post=272"}],"version-history":[{"count":14,"href":"https:\/\/adelformation.com\/fr\/wp-json\/wp\/v2\/pages\/272\/revisions"}],"predecessor-version":[{"id":811,"href":"https:\/\/adelformation.com\/fr\/wp-json\/wp\/v2\/pages\/272\/revisions\/811"}],"up":[{"embeddable":true,"href":"https:\/\/adelformation.com\/fr\/wp-json\/wp\/v2\/pages\/230"}],"wp:attachment":[{"href":"https:\/\/adelformation.com\/fr\/wp-json\/wp\/v2\/media?parent=272"}],"curies":[{"name":"wp","href":"https:\/\/api.w.org\/{rel}","templated":true}]}}