{"id":48,"date":"2015-03-03T12:58:34","date_gmt":"2015-03-03T12:58:34","guid":{"rendered":"http:\/\/adelformation.com\/fr\/?page_id=48"},"modified":"2015-04-03T23:19:40","modified_gmt":"2015-04-03T23:19:40","slug":"prestations","status":"publish","type":"page","link":"https:\/\/adelformation.com\/fr\/accueil\/prestations\/","title":{"rendered":"Prestations"},"content":{"rendered":"<a href=\"http:\/\/adelformation.com\/wp-content\/uploads\/2015\/03\/PHOTO-7-Fotolia_54276358_S-salle-de-formation-d\u00e9coup\u00e9e.jpg\"><img loading=\"lazy\" decoding=\"async\" class=\"aligncenter wp-image-714 size-full\" src=\"http:\/\/adelformation.com\/wp-content\/uploads\/2015\/03\/PHOTO-7-Fotolia_54276358_S-salle-de-formation-d\u00e9coup\u00e9e.jpg\" alt=\"PHOTO 7 Fotolia_54276358_S salle de formation d\u00e9coup\u00e9e\" width=\"589\" height=\"218\" srcset=\"https:\/\/adelformation.com\/wp-content\/uploads\/2015\/03\/PHOTO-7-Fotolia_54276358_S-salle-de-formation-d\u00e9coup\u00e9e.jpg 589w, https:\/\/adelformation.com\/wp-content\/uploads\/2015\/03\/PHOTO-7-Fotolia_54276358_S-salle-de-formation-d\u00e9coup\u00e9e-300x111.jpg 300w, https:\/\/adelformation.com\/wp-content\/uploads\/2015\/03\/PHOTO-7-Fotolia_54276358_S-salle-de-formation-d\u00e9coup\u00e9e-100x37.jpg 100w\" sizes=\"auto, (max-width: 589px) 100vw, 589px\" \/><\/a><\/p>\n<p style=\"text-align: justify;\">Nous intervenons principalement sur 2 types de prestations , la formation et le conseil sur les aspects financiers du commerce international. Nos experts peuvent former vos cadres sur site et \u00e9galement vous assister dans la gestion op\u00e9rationnelle de certaines de vos proc\u00e9dures avec l&rsquo;\u00e9tranger.<\/p>","protected":false},"excerpt":{"rendered":"<p>Nous intervenons principalement sur 2 types de prestations , la formation et le conseil sur les aspects financiers du commerce international. Nos experts peuvent former vos cadres sur site et \u00e9galement vous assister dans la gestion op\u00e9rationnelle de certaines de vos proc\u00e9dures avec l&rsquo;\u00e9tranger.<\/p>\n","protected":false},"author":1,"featured_media":0,"parent":9,"menu_order":0,"comment_status":"closed","ping_status":"closed","template":"","meta":{"footnotes":""},"class_list":["post-48","page","type-page","status-publish","hentry","no-post-thumbnail"],"_links":{"self":[{"href":"https:\/\/adelformation.com\/fr\/wp-json\/wp\/v2\/pages\/48","targetHints":{"allow":["GET"]}}],"collection":[{"href":"https:\/\/adelformation.com\/fr\/wp-json\/wp\/v2\/pages"}],"about":[{"href":"https:\/\/adelformation.com\/fr\/wp-json\/wp\/v2\/types\/page"}],"author":[{"embeddable":true,"href":"https:\/\/adelformation.com\/fr\/wp-json\/wp\/v2\/users\/1"}],"replies":[{"embeddable":true,"href":"https:\/\/adelformation.com\/fr\/wp-json\/wp\/v2\/comments?post=48"}],"version-history":[{"count":6,"href":"https:\/\/adelformation.com\/fr\/wp-json\/wp\/v2\/pages\/48\/revisions"}],"predecessor-version":[{"id":756,"href":"https:\/\/adelformation.com\/fr\/wp-json\/wp\/v2\/pages\/48\/revisions\/756"}],"up":[{"embeddable":true,"href":"https:\/\/adelformation.com\/fr\/wp-json\/wp\/v2\/pages\/9"}],"wp:attachment":[{"href":"https:\/\/adelformation.com\/fr\/wp-json\/wp\/v2\/media?parent=48"}],"curies":[{"name":"wp","href":"https:\/\/api.w.org\/{rel}","templated":true}]}}