{"id":53,"date":"2015-03-03T13:01:21","date_gmt":"2015-03-03T13:01:21","guid":{"rendered":"http:\/\/adelformation.com\/fr\/?page_id=53"},"modified":"2025-12-29T22:29:55","modified_gmt":"2025-12-29T22:29:55","slug":"nos-solutions","status":"publish","type":"page","link":"https:\/\/adelformation.com\/fr\/accueil\/prestations\/formation-a-linternational\/nos-solutions\/","title":{"rendered":"Nos solutions"},"content":{"rendered":"<div class=\"spshare\">\n<div><img loading=\"lazy\" decoding=\"async\" class=\"aligncenter wp-image-279 size-full\" src=\"http:\/\/adelformation.com\/wp-content\/uploads\/2015\/03\/311.jpg\" alt=\"311\" width=\"589\" height=\"218\" srcset=\"https:\/\/adelformation.com\/wp-content\/uploads\/2015\/03\/311.jpg 589w, https:\/\/adelformation.com\/wp-content\/uploads\/2015\/03\/311-300x111.jpg 300w, https:\/\/adelformation.com\/wp-content\/uploads\/2015\/03\/311-100x37.jpg 100w\" sizes=\"auto, (max-width: 589px) 100vw, 589px\" \/><\/div>\n<div style=\"text-align: justify;\"><strong>ADEL FORMATION a une double vocation :<\/strong><\/div>\n<\/div>\n<section class=\"entry-content\">\n<ul style=\"text-align: justify;\">\n<li>Construire des formations adapt\u00e9es aux probl\u00e9matiques de votre entreprise. Nous allons mettre en place des actions de formation sur mesure, orient\u00e9es selon vos objectifs, organis\u00e9es selon vos plannings et adapt\u00e9es aux besoins de vos collaborateurs. Ces formations vont vous apporter des solutions op\u00e9rationnelles concr\u00e8tes facilement transf\u00e9rables dans vos op\u00e9rations au jour le jour ;<\/li>\n<li>Assurer un accompagnement personnalis\u00e9 de la construction du programme de formation jusqu\u2019\u00e0 son \u00e9valuation. La r\u00e9activit\u00e9, le professionalisme et la disponibilit\u00e9 de nos consultants vous garantiront une r\u00e9ponse pr\u00e9cise \u00e0 vos int\u00e9rrogations m\u00eame apr\u00e8s la p\u00e9riode de formation ;<\/li>\n<\/ul>\n<p style=\"text-align: justify;\"><strong><br \/>\n<\/strong><strong>ADEL FORMATION\u00a0s&rsquo;engage \u00e0 vous permettre :<\/strong><\/p>\n<ul style=\"text-align: justify;\">\n<li>De minimiser votre budget de formation en b\u00e9n\u00e9ficiant de prestations sur-mesure anim\u00e9es par des Experts pour un prix inf\u00e9rieur \u00e0 des formations similaires sous la forme classique inter-entreprises;<\/li>\n<\/ul>\n<ul style=\"text-align: justify;\">\n<li>De b\u00e9n\u00e9ficier des derni\u00e8res \u00e9volutions r\u00e9glementaires et techniques en mati\u00e8re de gestion des op\u00e9rations de commerce international ;<\/li>\n<\/ul>\n<ul>\n<li>D&rsquo;offrir \u00e0 vos collaborateurs des actions de formation intra-entreprises qui :\n<ul>\n<li style=\"text-align: justify;\">Refl\u00e8tent les \u00ab best practices \u00bb utilis\u00e9es sur le terrain,<\/li>\n<li style=\"text-align: justify;\">Actualisent et recadrent les connaissances techniques,<\/li>\n<li style=\"text-align: justify;\">Facilitent l&rsquo;acquisition de nouveaux r\u00e9flexes,<\/li>\n<li style=\"text-align: justify;\">Favorisent la mise en place de nouvelles proc\u00e9dures,<\/li>\n<li style=\"text-align: justify;\">Stimulent des \u00e9changes constructifs entre les collaborateurs et de nouveaux modes d&rsquo;action vis \u00e0 vis des partenaires internes et externes<\/li>\n<\/ul>\n<\/li>\n<\/ul>\n<\/section>\n<p><strong>BILAN ANNUEL RETOURS STAGIAIRES ANNEES 2020 A 2025 (intras r\u00e9f\u00e9rentiel QUALIOPI)<\/strong><\/p>\n<p>Nb total d&rsquo;entreprises form\u00e9es :\u00a0 \u00a0 \u00a0 \u00a0 \u00a0 \u00a0 \u00a0 \u00a0 \u00a0 \u00a0 \u00a0 \u00a0 \u00a0 \u00a0 \u00a0 \u00a0 \u00a0 \u00a0 \u00a0 \u00a0 \u00a0 \u00a0 \u00a0 \u00a0 6<\/p>\n<p>Nb total de journ\u00e9es anim\u00e9es :\u00a0 \u00a0 \u00a0 \u00a0 \u00a0 \u00a0 \u00a0 \u00a0 \u00a0 \u00a0 \u00a0 \u00a0 \u00a0 \u00a0 \u00a0 \u00a0 \u00a0 \u00a0 \u00a0 \u00a0 \u00a0 \u00a0 \u00a0 \u00a0 32,5<\/p>\n<p>Nb total de stagiaires form\u00e9s :\u00a0 \u00a0 \u00a0 \u00a0 \u00a0 \u00a0 \u00a0 \u00a0 \u00a0 \u00a0 \u00a0 \u00a0 \u00a0 \u00a0 \u00a0 \u00a0 \u00a0 \u00a0 \u00a0 \u00a0 \u00a0 \u00a0 \u00a0 \u00a0 \u00a0100<\/p>\n<p>Nb de formations ayant donn\u00e9 lieu \u00e0 une r\u00e9clamation\u00a0 \u00a0 \u00a0 \u00a0 \u00a0 \u00a0 \u00a00<\/p>\n<p>Taux de satisfactions stagiaires :<\/p>\n<ul>\n<li>Tr\u00e8s satisfaits\u00a0 \u00a0 \u00a0 \u00a0 \u00a0 \u00a0 \u00a0 \u00a0 \u00a0 \u00a0 \u00a0 \u00a0 \u00a0 \u00a0 \u00a0 \u00a0 \u00a0 \u00a0 \u00a0 \u00a0 \u00a0 \u00a0 \u00a0 \u00a0 \u00a0 \u00a0 \u00a0 \u00a0 \u00a0 \u00a0 \u00a0 \u00a0 \u00a0 90 %<\/li>\n<li>Satisfaits\u00a0 \u00a0 \u00a0 \u00a0 \u00a0 \u00a0 \u00a0 \u00a0 \u00a0 \u00a0 \u00a0 \u00a0 \u00a0 \u00a0 \u00a0 \u00a0 \u00a0 \u00a0 \u00a0 \u00a0 \u00a0 \u00a0 \u00a0 \u00a0 \u00a0 \u00a0 \u00a0 \u00a0 \u00a0 \u00a0 \u00a0 \u00a0 \u00a0 \u00a0 \u00a0 \u00a0 \u00a0 5 %<\/li>\n<li>Moyennement satisfaits\u00a0 \u00a0 \u00a0 \u00a0 \u00a0 \u00a0 \u00a0 \u00a0 \u00a0 \u00a0 \u00a0 \u00a0 \u00a0 \u00a0 \u00a0 \u00a0 \u00a0 \u00a0 \u00a0 \u00a0 \u00a0 \u00a0 \u00a0 \u00a0 \u00a05 %<\/li>\n<li>Peu satisfaits<\/li>\n<li>Pas satisfaits<\/li>\n<\/ul>\n<p><strong>BILAN ANNUEL RETOURS STAGIAIRES ANNEE 2023<\/strong><\/p>\n<ul>\n<li>Nb total d&rsquo;entreprises form\u00e9es :\u00a0 \u00a0 \u00a0 \u00a0 \u00a0 \u00a0 \u00a0 \u00a0 \u00a0 \u00a0 \u00a0 \u00a0 \u00a0 \u00a0 \u00a0 \u00a0 \u00a0 \u00a0 4<\/li>\n<li>Nb total de journ\u00e9es anim\u00e9es :\u00a0 \u00a0 \u00a0 \u00a0 \u00a0 \u00a0 \u00a0 \u00a0 \u00a0 \u00a0 \u00a0 \u00a0 \u00a0 \u00a0 \u00a0 \u00a0 \u00a0 \u00a0 \u00a0 8,5<\/li>\n<li>Nb total de stagiaires form\u00e9s :\u00a0 \u00a0 \u00a0 \u00a0 \u00a0 \u00a0 \u00a0 \u00a0 \u00a0 \u00a0 \u00a0 \u00a0 \u00a0 \u00a0 \u00a0 \u00a0 \u00a0 \u00a0 \u00a0 \u00a041<\/li>\n<\/ul>\n<p>Nb de formations ayant donn\u00e9 lieu \u00e0 une r\u00e9clamation\u00a0 \u00a0 \u00a0 \u00a0 \u00a0 \u00a0 0<\/p>\n<p>Taux de satisfactions 2023 des 15 stagiaires pour les formations credoc et cautions et garantie<\/p>\n<ul>\n<li>Satisfaits\/Tr\u00e8s satisfaits\u00a0 \u00a0 \u00a0 \u00a0 \u00a0 \u00a0 \u00a0 \u00a0 \u00a0 \u00a0 \u00a0 \u00a0 \u00a0 \u00a0 \u00a0 \u00a0 \u00a0 \u00a0 \u00a0 \u00a0 \u00a0 \u00a0 \u00a0 \u00a0 \u00a0 \u00a0 \u00a0 \u00a0 \u00a0 \u00a0 \u00a0 \u00a0 \u00a0 100 %<\/li>\n<li>Moyennement satisfaits<\/li>\n<li>Peu satisfaits<\/li>\n<li>Pas satisfaits<\/li>\n<\/ul>","protected":false},"excerpt":{"rendered":"<p>ADEL FORMATION a une double vocation : Construire des formations adapt\u00e9es aux probl\u00e9matiques de votre entreprise. Nous allons mettre en place des actions de formation sur mesure, orient\u00e9es selon vos objectifs, organis\u00e9es selon vos plannings et adapt\u00e9es aux besoins de vos collaborateurs. Ces formations vont vous apporter des solutions op\u00e9rationnelles concr\u00e8tes facilement transf\u00e9rables dans vos op\u00e9rations au jour le jour &#8230; <\/p>\n<div><a href=\"https:\/\/adelformation.com\/fr\/accueil\/prestations\/formation-a-linternational\/nos-solutions\/\" class=\"more-link\">Read More<\/a><\/div>\n","protected":false},"author":1,"featured_media":0,"parent":194,"menu_order":0,"comment_status":"closed","ping_status":"closed","template":"","meta":{"footnotes":""},"class_list":["post-53","page","type-page","status-publish","hentry","no-post-thumbnail"],"_links":{"self":[{"href":"https:\/\/adelformation.com\/fr\/wp-json\/wp\/v2\/pages\/53","targetHints":{"allow":["GET"]}}],"collection":[{"href":"https:\/\/adelformation.com\/fr\/wp-json\/wp\/v2\/pages"}],"about":[{"href":"https:\/\/adelformation.com\/fr\/wp-json\/wp\/v2\/types\/page"}],"author":[{"embeddable":true,"href":"https:\/\/adelformation.com\/fr\/wp-json\/wp\/v2\/users\/1"}],"replies":[{"embeddable":true,"href":"https:\/\/adelformation.com\/fr\/wp-json\/wp\/v2\/comments?post=53"}],"version-history":[{"count":22,"href":"https:\/\/adelformation.com\/fr\/wp-json\/wp\/v2\/pages\/53\/revisions"}],"predecessor-version":[{"id":1598,"href":"https:\/\/adelformation.com\/fr\/wp-json\/wp\/v2\/pages\/53\/revisions\/1598"}],"up":[{"embeddable":true,"href":"https:\/\/adelformation.com\/fr\/wp-json\/wp\/v2\/pages\/194"}],"wp:attachment":[{"href":"https:\/\/adelformation.com\/fr\/wp-json\/wp\/v2\/media?parent=53"}],"curies":[{"name":"wp","href":"https:\/\/api.w.org\/{rel}","templated":true}]}}