{"id":55,"date":"2015-03-03T13:02:27","date_gmt":"2015-03-03T13:02:27","guid":{"rendered":"http:\/\/adelformation.com\/fr\/?page_id=55"},"modified":"2023-11-14T16:11:12","modified_gmt":"2023-11-14T16:11:12","slug":"le-catalogue-des-formations","status":"publish","type":"page","link":"https:\/\/adelformation.com\/fr\/accueil\/prestations\/formation-a-linternational\/le-catalogue-des-formations\/","title":{"rendered":"Le catalogue des formations"},"content":{"rendered":"<img loading=\"lazy\" decoding=\"async\" class=\"aligncenter wp-image-282 size-full\" src=\"http:\/\/adelformation.com\/wp-content\/uploads\/2015\/03\/337.jpg\" alt=\"337\" width=\"589\" height=\"218\" srcset=\"https:\/\/adelformation.com\/wp-content\/uploads\/2015\/03\/337.jpg 589w, https:\/\/adelformation.com\/wp-content\/uploads\/2015\/03\/337-300x111.jpg 300w, https:\/\/adelformation.com\/wp-content\/uploads\/2015\/03\/337-100x37.jpg 100w\" sizes=\"auto, (max-width: 589px) 100vw, 589px\" \/><\/p>\n<ul>\n<li>FIN 1 &#8211; <a href=\"https:\/\/www.adelformation.com\/wp-content\/uploads\/2023\/11\/Les-instruments-et-techniques-de-paiement-utilises-a-lint-ver-site-QUALIOPI-2023.pdf\">Les instruments et techniques de paiement utilis\u00e9s \u00e0 l&rsquo;international<\/a><\/li>\n<li><a href=\"https:\/\/www.adelformation.com\/wp-content\/uploads\/2023\/11\/La-gest-operat-du-credit-documentaire-Ver-site-QUALIOPI-2023.pdf\">FIN 2 &#8211; La gestion op\u00e9rationnelle du cr\u00e9dit documentaire<\/a><\/li>\n<li><a href=\"https:\/\/www.adelformation.com\/wp-content\/uploads\/2023\/11\/credoc-classique-standby-lapproche-comparative.-QUALIOPI-2023.pdf\">FIN 3 &#8211; Credit documentaire et LC standby : l&rsquo;approche comparative<\/a><\/li>\n<li><a href=\"https:\/\/www.adelformation.com\/wp-content\/uploads\/2021\/01\/credit-transferable-et-back-to-back-lingenierie-fin-du-trading-IF42-programme-QUALIOPI-1.pdf\">FIN 4 &#8211; Cr\u00e9dit &lsquo;transf\u00e9rable&rsquo; et &lsquo;back-to-back&rsquo; : l&rsquo;ing\u00e9nierie financi\u00e8re du trading<\/a><\/li>\n<li><a href=\"https:\/\/www.adelformation.com\/wp-content\/uploads\/2021\/01\/Les-expor-risques-encourus-garant-inter-paiement-et-financement-ver-site-QUALIOPI-1-.pdf\">FIN 5 &#8211; Les exportations &#8211; risques encourus &#8211; garanties internationales &#8211; paiement et financement<\/a><\/li>\n<li><a href=\"https:\/\/www.adelformation.com\/wp-content\/uploads\/2023\/11\/Les-cautions-et-garanties-bancaires-a-linternational-nouveau-25.09.17-QUALIOPI-2023.pdf\">FIN 6 &#8211; Les cautions et garanties bancaires \u00e0 l&rsquo;international<\/a><\/li>\n<li><a href=\"https:\/\/www.adelformation.com\/wp-content\/uploads\/2023\/11\/La-gestion-du-risque-client-a-linternational-nouveau-25.09.17-QUALIOPI-2023.pdf\">FIN 7 &#8211; La gestion du risque client \u00e0 l&rsquo;international<\/a><\/li>\n<li><a href=\"https:\/\/www.adelformation.com\/wp-content\/uploads\/2021\/01\/Les-appels-doffres-internationaux-.pdf\">FIN 8 &#8211; Les appels d&rsquo;offres internationaux<\/a><\/li>\n<li><a href=\"https:\/\/www.adelformation.com\/wp-content\/uploads\/2021\/01\/Calcul-financiers-et-statistiques-module2-ver-site.pdf\">FIN 9 &#8211; Calcul financiers et statistiques<\/a><\/li>\n<li><a href=\"https:\/\/www.adelformation.com\/wp-content\/uploads\/2023\/11\/RUU-600-et-PBIS-Ver-site-QUALIOPI-2023-2.pdf\">FIN 10 &#8211; Ma\u00eetriser les UCP 600 et les ISBP 821<\/a><\/li>\n<li><a href=\"https:\/\/www.adelformation.com\/wp-content\/uploads\/2023\/11\/Credit-documentaire-et-garanties-specificites-Maghreb-et-PMO-ver-site-2023-.pdf\">FIN 11 &#8211; Cr\u00e9dit documentaire et garanties &#8211; sp\u00e9cificit\u00e9s Maghreb et PMO<\/a><\/li>\n<li><a href=\"https:\/\/www.adelformation.com\/wp-content\/uploads\/2021\/01\/Gestion-des-operations-de-commerce-international-module-1.pdf\">FIN 12 &#8211; Gestion des op\u00e9rations de commerce international &#8211; module 1<\/a><\/li>\n<li><a href=\"https:\/\/www.adelformation.com\/wp-content\/uploads\/2023\/11\/Gestion-des-operations-de-commerce-international-module-2.-QUALIOPI-2023docx.pdf\">FIN 13 &#8211; Gestion des op\u00e9rations de commerce international &#8211; module 2<\/a><\/li>\n<li><a href=\"https:\/\/www.adelformation.com\/wp-content\/uploads\/2023\/11\/La-gestion-des-risques-financiers-a-linternational.-version-QUALIOPI-2023.pdf\">FIN 14 &#8211; La gestion des risques financiers \u00e0 l&rsquo;international<\/a><\/li>\n<li><a href=\"https:\/\/www.adelformation.com\/wp-content\/uploads\/2023\/11\/TRADE-FINANCE-QUALIOPI-2023.pdf\">FIN 15 &#8211; Trade Finance<\/a><\/li>\n<li><a href=\"https:\/\/www.adelformation.com\/wp-content\/uploads\/2023\/11\/les-fondamentaux-des-financements-export-QUALIOPI-2023.pdf\">FIN 16 &#8211; Les fondamentaux des financements export<\/a><\/li>\n<li><a href=\"https:\/\/www.adelformation.com\/wp-content\/uploads\/2023\/11\/Le-credit-documentaire-niveau-2-QUALIOPI-2023.pdf\">FIN 17 &#8211; Le cr\u00e9dit documentaire niveau 2<\/a><\/li>\n<li><a href=\"https:\/\/www.adelformation.com\/wp-content\/uploads\/2023\/10\/Cautions-et-garanties-bancaires-niveau-2.pdf\">FIN 18 &#8211; Cautions et garanties bancaires niveau 2<\/a><\/li>\n<li><a href=\"https:\/\/www.adelformation.com\/wp-content\/uploads\/2023\/10\/La-lettre-de-credit-standby.pdf\">FIN 19 &#8211; La lettre de cr\u00e9dit standby<\/a><\/li>\n<li><a href=\"https:\/\/www.adelformation.com\/wp-content\/uploads\/2021\/01\/LES-INCOTERMS-2010-version-longuever-site.pdf\">TRA 1 &#8211; Les INCOTERMS 2020<\/a><\/li>\n<li><a href=\"https:\/\/www.adelformation.com\/wp-content\/uploads\/2021\/01\/Le-transport-international-version-site1.pdf\">TRA 2 &#8211; Le transport international<\/a><\/li>\n<li><a href=\"https:\/\/www.adelformation.com\/wp-content\/uploads\/2021\/01\/Les-enjeux-logistiques-dans-les-achats-internationaux-version-site.pdf\">TRA 3 &#8211; Les enjeux logistiques dans les achats internationaux<\/a><\/li>\n<\/ul>","protected":false},"excerpt":{"rendered":"<p>FIN 1 &#8211; Les instruments et techniques de paiement utilis\u00e9s \u00e0 l&rsquo;international FIN 2 &#8211; La gestion op\u00e9rationnelle du cr\u00e9dit documentaire FIN 3 &#8211; Credit documentaire et LC standby : l&rsquo;approche comparative FIN 4 &#8211; Cr\u00e9dit &lsquo;transf\u00e9rable&rsquo; et &lsquo;back-to-back&rsquo; : l&rsquo;ing\u00e9nierie financi\u00e8re du trading FIN 5 &#8211; Les exportations &#8211; risques encourus &#8211; garanties internationales &#8211; paiement et financement FIN &#8230; <\/p>\n<div><a href=\"https:\/\/adelformation.com\/fr\/accueil\/prestations\/formation-a-linternational\/le-catalogue-des-formations\/\" class=\"more-link\">Read More<\/a><\/div>\n","protected":false},"author":1,"featured_media":0,"parent":194,"menu_order":0,"comment_status":"closed","ping_status":"closed","template":"","meta":{"footnotes":""},"class_list":["post-55","page","type-page","status-publish","hentry","no-post-thumbnail"],"_links":{"self":[{"href":"https:\/\/adelformation.com\/fr\/wp-json\/wp\/v2\/pages\/55","targetHints":{"allow":["GET"]}}],"collection":[{"href":"https:\/\/adelformation.com\/fr\/wp-json\/wp\/v2\/pages"}],"about":[{"href":"https:\/\/adelformation.com\/fr\/wp-json\/wp\/v2\/types\/page"}],"author":[{"embeddable":true,"href":"https:\/\/adelformation.com\/fr\/wp-json\/wp\/v2\/users\/1"}],"replies":[{"embeddable":true,"href":"https:\/\/adelformation.com\/fr\/wp-json\/wp\/v2\/comments?post=55"}],"version-history":[{"count":85,"href":"https:\/\/adelformation.com\/fr\/wp-json\/wp\/v2\/pages\/55\/revisions"}],"predecessor-version":[{"id":1562,"href":"https:\/\/adelformation.com\/fr\/wp-json\/wp\/v2\/pages\/55\/revisions\/1562"}],"up":[{"embeddable":true,"href":"https:\/\/adelformation.com\/fr\/wp-json\/wp\/v2\/pages\/194"}],"wp:attachment":[{"href":"https:\/\/adelformation.com\/fr\/wp-json\/wp\/v2\/media?parent=55"}],"curies":[{"name":"wp","href":"https:\/\/api.w.org\/{rel}","templated":true}]}}