{"id":57,"date":"2015-03-03T13:03:26","date_gmt":"2015-03-03T13:03:26","guid":{"rendered":"http:\/\/adelformation.com\/fr\/?page_id=57"},"modified":"2026-01-05T17:21:49","modified_gmt":"2026-01-05T17:21:49","slug":"organisation-pratique","status":"publish","type":"page","link":"https:\/\/adelformation.com\/fr\/accueil\/prestations\/formation-a-linternational\/organisation-pratique\/","title":{"rendered":"Organisation pratique"},"content":{"rendered":"<img loading=\"lazy\" decoding=\"async\" class=\"aligncenter wp-image-302 size-full\" src=\"http:\/\/adelformation.com\/wp-content\/uploads\/2015\/03\/313.jpg\" alt=\"313\" width=\"589\" height=\"218\" srcset=\"https:\/\/adelformation.com\/wp-content\/uploads\/2015\/03\/313.jpg 589w, https:\/\/adelformation.com\/wp-content\/uploads\/2015\/03\/313-300x111.jpg 300w, https:\/\/adelformation.com\/wp-content\/uploads\/2015\/03\/313-100x37.jpg 100w\" sizes=\"auto, (max-width: 589px) 100vw, 589px\" \/><\/p>\n<p style=\"text-align: justify;\">ADEL FORMATION vous propose des solutions inter et intra-entreprises sur mesure en s\u2019adaptant tout \u00e0 fait \u00e0 vos besoins et vos contraintes.<\/p>\n<p style=\"text-align: justify;\">Notre catalogue de formations disponibles en ligne, vous propose les formations qui sont les plus fr\u00e9quemment demand\u00e9es, et qui portent sur les principaux aspects financiers du commerce international.<\/p>\n<p style=\"text-align: justify;\">Ce catalogue peut vous servir de point de rep\u00e8re pour une d\u00e9termination pr\u00e9cise de vos besoins.<\/p>\n<p style=\"text-align: justify;\">Dans tous les cas de figures, les formations qui vous seront propos\u00e9es seront adapt\u00e9es \u00e0 votre probl\u00e9matique et vos pr\u00e9occupations m\u00e9tiers.<\/p>\n<p style=\"text-align: justify;\">Les formations intra-entreprises que nous proposons ont g\u00e9n\u00e9ralement un effectif maximal 8 personnes pour des raisons d\u2019efficacit\u00e9 p\u00e9dagogique. Ces formations peuvent \u00eatre anim\u00e9es en pr\u00e9sentiel ou en distanciel.<\/p>\n<p>Les modalit\u00e9s de mise en oeuvre des formations sont les suivantes :<\/p>\n<p>Chaque formation fait l&rsquo;objet d&rsquo;une proposition de programme d\u00e9taill\u00e9e avec des objectifs op\u00e9rationnels pr\u00e9cis adress\u00e9e au client.<\/p>\n<p>Chaque formation pr\u00e9sentiel sera anim\u00e9e dans les locaux de l&rsquo;entreprise cliente sous la forme d&rsquo;un d\u00e9roul\u00e9 PPT avec en alternance des discussions avec les participants et des \u00e9tudes de cas.<\/p>\n<p>Chaque formation sera organis\u00e9e en tenant compte des contraintes de planning d&rsquo;ADEL FORMATION et du client, mais en tout \u00e9tat de cause dans un d\u00e9lai maximum de 30 jours, \u00e0 partir de la demande du client, sauf accord sur une date ult\u00e9rieure entre notre cabinet de formation et le client.<\/p>\n<p>Chaque formation va faire l\u2019objet de 3 types d\u2019\u00e9valuations permettant d&rsquo;appr\u00e9cier le degr\u00e9 d&rsquo;atteinte de objectifs :<\/p>\n<ul>\n<li>Une \u00e9valuation sous la forme d\u2019un Quiz r\u00e9alis\u00e9 en amont de la formation pour \u00e9valuer le niveau initial des participants<\/li>\n<li>Une \u00e9valuation \u00e0 chaud en fin de formation pour \u00e9valuer les acquis des participants. Cette \u00e9valuation peut prendre diff\u00e9rentes formes : Quiz, exercice pratique, mise en situation\u2026<\/li>\n<li>Une \u00e9valuation de la satisfaction de chaque participant sous la forme d\u2019un questionnaire de satisfaction r\u00e9alis\u00e9 \u00e0 l\u2019issue de chaque formation<\/li>\n<\/ul>\n<p>Un corrig\u00e9 de chaque Quiz sera remis aux participants en fin de formation.<\/p>\n<p>Pour chaque journ\u00e9e de formation, une pause d&rsquo;une dizaine de minutes est g\u00e9n\u00e9ralement effectu\u00e9e en milieu de matin\u00e9e et en milieu d&rsquo;apr\u00e8s-midi. La pause d\u00e9jeuner a lieu, en principe \u00e0 12H30.<\/p>\n<p>L&rsquo;organisation du d\u00e9jeuner (plateau repas, cantine d&rsquo;entreprise&#8230;) incombe au client.<\/p>\n<p>Un suivi post formation est assur\u00e9 par notre cabinet. A l&rsquo;issue de la formation en pr\u00e9sentiel ou en distanciel, les participants ont la possibilit\u00e9 de nous adresser des questions relatives \u00e0 la formation ou de nous solliciter pour avoir des conseils d&rsquo;ordre technique pour une dur\u00e9e de 1 an. Les demandes seront adress\u00e9es \u00e0 ange.cubeddu@adelformation.com.<\/p>\n<p>Si vous \u00eates en situation de handicap, merci de prendre contact avec M. Ange CUBEDDU &#8211; T\u00e9l : 06 08 52 30 65 &#8211; E-mail : <span style=\"color: #0000ff;\"><a style=\"color: #0000ff;\" href=\"mailto:ange.cubeddu@adelformation.com\">ange.cubeddu@adelformation.com<\/a><\/span><\/p>\n<p>Nous allons \u00e9tudier ensemble la possibilit\u00e9 de vous accueillir dans les meilleures conditions.<\/p>\n<p>ADEL FORMATION vous propose une tarification claire et comp\u00e9titive :<\/p>\n<p style=\"text-align: justify;\">Nous construisons des actions de formation adapt\u00e9es \u00e0 vos budgets. Notre tarification est ind\u00e9pendante du nombre de participants et est bas\u00e9e sur le nombre de jours d\u2019animation du consultant-formateur auxquels s\u2019ajoutent d\u2019\u00e9ventuels frais de pr\u00e9paration ainsi que des frais de d\u00e9placement du consultant-formateur.<\/p>\n<p style=\"text-align: justify;\">Compar\u00e9es aux co\u00fbts des stages traditionnels inter-entreprises, nos interventions intra repr\u00e9sentent une charge moindre pour votre entreprise d\u00e8s que le nombre de participants aux stages intra est sup\u00e9rieur ou \u00e9gal \u00e0 3 ou 4 salari\u00e9s selon les domaines d\u2019intervention.<\/p>\n<p style=\"text-align: justify;\">Les frais de formation peuvent \u00eatre, en g\u00e9n\u00e9ral, pris en charge par les OPCO de votre secteur d\u2019activit\u00e9.<\/p>\n<p>En cas de r\u00e9clamation, nous faire part de votre demande par mail : adel.consulting@orange.fr, nous y r\u00e9pondront dans les plus brefs d\u00e9lais.<\/p>\n<p>Les formations commencent \u00e0 9H et se terminent \u00e0 17h30 sauf en cas d&rsquo;adaptation.<\/p>\n<p>Le client se charge d&rsquo;adresser les convocations aux stagiaires en indiquant les dates, les horaires pr\u00e9vus dans la convention de formation ainsi que les modalit\u00e9s d&rsquo;accueil dans la salle de formation.<\/p>","protected":false},"excerpt":{"rendered":"<p>ADEL FORMATION vous propose des solutions inter et intra-entreprises sur mesure en s\u2019adaptant tout \u00e0 fait \u00e0 vos besoins et vos contraintes. Notre catalogue de formations disponibles en ligne, vous propose les formations qui sont les plus fr\u00e9quemment demand\u00e9es, et qui portent sur les principaux aspects financiers du commerce international. Ce catalogue peut vous servir de point de rep\u00e8re pour &#8230; <\/p>\n<div><a href=\"https:\/\/adelformation.com\/fr\/accueil\/prestations\/formation-a-linternational\/organisation-pratique\/\" class=\"more-link\">Read More<\/a><\/div>\n","protected":false},"author":1,"featured_media":0,"parent":194,"menu_order":0,"comment_status":"closed","ping_status":"closed","template":"","meta":{"footnotes":""},"class_list":["post-57","page","type-page","status-publish","hentry","no-post-thumbnail"],"_links":{"self":[{"href":"https:\/\/adelformation.com\/fr\/wp-json\/wp\/v2\/pages\/57","targetHints":{"allow":["GET"]}}],"collection":[{"href":"https:\/\/adelformation.com\/fr\/wp-json\/wp\/v2\/pages"}],"about":[{"href":"https:\/\/adelformation.com\/fr\/wp-json\/wp\/v2\/types\/page"}],"author":[{"embeddable":true,"href":"https:\/\/adelformation.com\/fr\/wp-json\/wp\/v2\/users\/1"}],"replies":[{"embeddable":true,"href":"https:\/\/adelformation.com\/fr\/wp-json\/wp\/v2\/comments?post=57"}],"version-history":[{"count":29,"href":"https:\/\/adelformation.com\/fr\/wp-json\/wp\/v2\/pages\/57\/revisions"}],"predecessor-version":[{"id":1600,"href":"https:\/\/adelformation.com\/fr\/wp-json\/wp\/v2\/pages\/57\/revisions\/1600"}],"up":[{"embeddable":true,"href":"https:\/\/adelformation.com\/fr\/wp-json\/wp\/v2\/pages\/194"}],"wp:attachment":[{"href":"https:\/\/adelformation.com\/fr\/wp-json\/wp\/v2\/media?parent=57"}],"curies":[{"name":"wp","href":"https:\/\/api.w.org\/{rel}","templated":true}]}}