{"id":575,"date":"2015-03-25T17:12:20","date_gmt":"2015-03-25T17:12:20","guid":{"rendered":"http:\/\/adelformation.com\/fr\/?page_id=575"},"modified":"2023-01-02T15:29:34","modified_gmt":"2023-01-02T15:29:34","slug":"fiches-pratiques-export","status":"publish","type":"page","link":"https:\/\/adelformation.com\/fr\/accueil\/boite-a-outils\/fiches-pratiques-export\/","title":{"rendered":"Fiches Pratiques Export"},"content":{"rendered":"<img loading=\"lazy\" decoding=\"async\" class=\"aligncenter wp-image-282 size-full\" src=\"http:\/\/adelformation.com\/wp-content\/uploads\/2015\/03\/337.jpg\" alt=\"337\" width=\"589\" height=\"218\" srcset=\"https:\/\/adelformation.com\/wp-content\/uploads\/2015\/03\/337.jpg 589w, https:\/\/adelformation.com\/wp-content\/uploads\/2015\/03\/337-300x111.jpg 300w, https:\/\/adelformation.com\/wp-content\/uploads\/2015\/03\/337-100x37.jpg 100w\" sizes=\"auto, (max-width: 589px) 100vw, 589px\" \/><\/p>\n<ul>\n<li><a href=\"\/wp-content\/uploads\/2015\/03\/fiche-Incoterms-fiche-1bis.pdf\">Fiche 1 &#8211; Les Incoterms 2010<\/a><\/li>\n<li><a href=\"\/wp-content\/uploads\/2015\/03\/fiche-transport-maritime-fiche-2.pdf\">Fiche 2 &#8211; Le transport maritime<\/a><\/li>\n<li><a href=\"https:\/\/www.adelformation.com\/wp-content\/uploads\/2023\/01\/Le-transport-aerien-fiche-3.pdf\">Fiche 3 &#8211; Le transport a\u00e9rien<\/a><\/li>\n<li><a href=\"\/wp-content\/uploads\/2015\/03\/le-transport-routier-fiche4.pdf\">Fiche 4 &#8211; Le transport routier<\/a><\/li>\n<li><a href=\"\/wp-content\/uploads\/2015\/03\/le-transport-ferroviaire-fiche-5bis.pdf\">Fiche 5 &#8211; Le transport ferroviaire<\/a><\/li>\n<li><a href=\"\/wp-content\/uploads\/2015\/03\/le-contrat-daffretement-fiche-6.pdf\">Fiche 6 &#8211; Le contrat d&rsquo;affretement<\/a><\/li>\n<li><a href=\"https:\/\/www.adelformation.com\/wp-content\/uploads\/2023\/01\/les-operations-de-dedouanement-a-limport-fiche-7-1.pdf\">Fiche 7 &#8211; Les op\u00e9rations de d\u00e9douanement \u00e0 l&rsquo;import<\/a><\/li>\n<li><a href=\"\/wp-content\/uploads\/2015\/03\/les-instruments-et-techniques-de-paiement-fiche-8.pdf\">Fiche 8 &#8211; Les instruments et techniques de paiement<\/a><\/li>\n<li><a href=\"https:\/\/www.adelformation.com\/wp-content\/uploads\/2023\/01\/Le-credit-documentaire-fiche9bisBIS.pdf\">Fiche 9 &#8211; Le cr\u00e9dit documentaire<\/a><\/li>\n<li><a href=\"https:\/\/www.adelformation.com\/wp-content\/uploads\/2023\/01\/la-lc-standby-fiche-10.pdf\">Fiche 10 &#8211; La LC standby<\/a><\/li>\n<li><a href=\"\/wp-content\/uploads\/2015\/03\/les-garanties-internationales-fiche-11.pdf\">Fiche 11 &#8211; Les garanties internationales<\/a><\/li>\n<li><a href=\"https:\/\/www.adelformation.com\/wp-content\/uploads\/2023\/01\/les-risques-dans-les-operations-internhationales-fiche-12.pdf\">Fiche 12 &#8211; Les risques dans les op\u00e9rations internationales<\/a><\/li>\n<li><a href=\"\/wp-content\/uploads\/2015\/03\/Lassurance-transport-fiche-13.pdf\">Fiche 13 &#8211; L&rsquo;assurance transport<\/a><\/li>\n<\/ul>","protected":false},"excerpt":{"rendered":"<p>Fiche 1 &#8211; Les Incoterms 2010 Fiche 2 &#8211; Le transport maritime Fiche 3 &#8211; Le transport a\u00e9rien Fiche 4 &#8211; Le transport routier Fiche 5 &#8211; Le transport ferroviaire Fiche 6 &#8211; Le contrat d&rsquo;affretement Fiche 7 &#8211; Les op\u00e9rations de d\u00e9douanement \u00e0 l&rsquo;import Fiche 8 &#8211; Les instruments et techniques de paiement Fiche 9 &#8211; Le cr\u00e9dit documentaire &#8230; <\/p>\n<div><a href=\"https:\/\/adelformation.com\/fr\/accueil\/boite-a-outils\/fiches-pratiques-export\/\" class=\"more-link\">Read More<\/a><\/div>\n","protected":false},"author":1,"featured_media":0,"parent":115,"menu_order":0,"comment_status":"closed","ping_status":"open","template":"","meta":{"footnotes":""},"class_list":["post-575","page","type-page","status-publish","hentry","no-post-thumbnail"],"_links":{"self":[{"href":"https:\/\/adelformation.com\/fr\/wp-json\/wp\/v2\/pages\/575","targetHints":{"allow":["GET"]}}],"collection":[{"href":"https:\/\/adelformation.com\/fr\/wp-json\/wp\/v2\/pages"}],"about":[{"href":"https:\/\/adelformation.com\/fr\/wp-json\/wp\/v2\/types\/page"}],"author":[{"embeddable":true,"href":"https:\/\/adelformation.com\/fr\/wp-json\/wp\/v2\/users\/1"}],"replies":[{"embeddable":true,"href":"https:\/\/adelformation.com\/fr\/wp-json\/wp\/v2\/comments?post=575"}],"version-history":[{"count":7,"href":"https:\/\/adelformation.com\/fr\/wp-json\/wp\/v2\/pages\/575\/revisions"}],"predecessor-version":[{"id":1423,"href":"https:\/\/adelformation.com\/fr\/wp-json\/wp\/v2\/pages\/575\/revisions\/1423"}],"up":[{"embeddable":true,"href":"https:\/\/adelformation.com\/fr\/wp-json\/wp\/v2\/pages\/115"}],"wp:attachment":[{"href":"https:\/\/adelformation.com\/fr\/wp-json\/wp\/v2\/media?parent=575"}],"curies":[{"name":"wp","href":"https:\/\/api.w.org\/{rel}","templated":true}]}}