{"id":59,"date":"2015-03-03T13:06:42","date_gmt":"2015-03-03T13:06:42","guid":{"rendered":"http:\/\/adelformation.com\/fr\/?page_id=59"},"modified":"2015-03-30T19:42:38","modified_gmt":"2015-03-30T19:42:38","slug":"notre-expertise-2","status":"publish","type":"page","link":"https:\/\/adelformation.com\/fr\/accueil\/prestations\/formation-a-linternational\/notre-expertise\/","title":{"rendered":"Notre expertise"},"content":{"rendered":"<a href=\"http:\/\/adelformation.com\/wp-content\/uploads\/2015\/03\/PHOTO-5-Fotolia_57304160_S-image-expertise-d\u00e9coup\u00e9e.jpg\"><img loading=\"lazy\" decoding=\"async\" class=\"aligncenter wp-image-728 size-full\" src=\"http:\/\/adelformation.com\/wp-content\/uploads\/2015\/03\/PHOTO-5-Fotolia_57304160_S-image-expertise-d\u00e9coup\u00e9e.jpg\" alt=\"PHOTO 5 Fotolia_57304160_S image expertise d\u00e9coup\u00e9e\" width=\"589\" height=\"218\" srcset=\"https:\/\/adelformation.com\/wp-content\/uploads\/2015\/03\/PHOTO-5-Fotolia_57304160_S-image-expertise-d\u00e9coup\u00e9e.jpg 589w, https:\/\/adelformation.com\/wp-content\/uploads\/2015\/03\/PHOTO-5-Fotolia_57304160_S-image-expertise-d\u00e9coup\u00e9e-300x111.jpg 300w, https:\/\/adelformation.com\/wp-content\/uploads\/2015\/03\/PHOTO-5-Fotolia_57304160_S-image-expertise-d\u00e9coup\u00e9e-100x37.jpg 100w\" sizes=\"auto, (max-width: 589px) 100vw, 589px\" \/><\/a><\/p>\n<p>Nous formons vos collaborateurs sur site et assurons des prestations de conseil dans le cadre d&rsquo;un suivi :<\/p>\n<ul>\n<li>Paiements internationaux<\/li>\n<li>Cr\u00e9dit documentaire et Standby<\/li>\n<li>Cr\u00e9dit transf\u00e9rable \/ Back to back<\/li>\n<li>UCP 600 et ISPB 2013<\/li>\n<li>Cautions &amp; garanties<\/li>\n<li>Incoterms \u00ae2010<\/li>\n<li>Transport international<\/li>\n<li>Appels d&rsquo;offres internationaux<\/li>\n<li>S\u00e9curisation du poste client<\/li>\n<\/ul>\n<p><img loading=\"lazy\" decoding=\"async\" class=\"item aligncenter\" src=\"http:\/\/adelformation.com\/images\/adel.jpg\" alt=\"\" width=\"388\" height=\"437\" border=\"0\" \/>","protected":false},"excerpt":{"rendered":"<p>Nous formons vos collaborateurs sur site et assurons des prestations de conseil dans le cadre d&rsquo;un suivi : Paiements internationaux Cr\u00e9dit documentaire et Standby Cr\u00e9dit transf\u00e9rable \/ Back to back UCP 600 et ISPB 2013 Cautions &amp; garanties Incoterms \u00ae2010 Transport international Appels d&rsquo;offres internationaux S\u00e9curisation du poste client<\/p>\n","protected":false},"author":1,"featured_media":0,"parent":194,"menu_order":0,"comment_status":"closed","ping_status":"closed","template":"","meta":{"footnotes":""},"class_list":["post-59","page","type-page","status-publish","hentry","no-post-thumbnail"],"_links":{"self":[{"href":"https:\/\/adelformation.com\/fr\/wp-json\/wp\/v2\/pages\/59","targetHints":{"allow":["GET"]}}],"collection":[{"href":"https:\/\/adelformation.com\/fr\/wp-json\/wp\/v2\/pages"}],"about":[{"href":"https:\/\/adelformation.com\/fr\/wp-json\/wp\/v2\/types\/page"}],"author":[{"embeddable":true,"href":"https:\/\/adelformation.com\/fr\/wp-json\/wp\/v2\/users\/1"}],"replies":[{"embeddable":true,"href":"https:\/\/adelformation.com\/fr\/wp-json\/wp\/v2\/comments?post=59"}],"version-history":[{"count":10,"href":"https:\/\/adelformation.com\/fr\/wp-json\/wp\/v2\/pages\/59\/revisions"}],"predecessor-version":[{"id":731,"href":"https:\/\/adelformation.com\/fr\/wp-json\/wp\/v2\/pages\/59\/revisions\/731"}],"up":[{"embeddable":true,"href":"https:\/\/adelformation.com\/fr\/wp-json\/wp\/v2\/pages\/194"}],"wp:attachment":[{"href":"https:\/\/adelformation.com\/fr\/wp-json\/wp\/v2\/media?parent=59"}],"curies":[{"name":"wp","href":"https:\/\/api.w.org\/{rel}","templated":true}]}}