{"id":61,"date":"2015-03-03T13:07:18","date_gmt":"2015-03-03T13:07:18","guid":{"rendered":"http:\/\/adelformation.com\/fr\/?page_id=61"},"modified":"2015-04-03T23:49:33","modified_gmt":"2015-04-03T23:49:33","slug":"english-publishing","status":"publish","type":"page","link":"https:\/\/adelformation.com\/fr\/accueil\/prestations\/formation-a-linternational\/edition\/","title":{"rendered":"Edition"},"content":{"rendered":"<img loading=\"lazy\" decoding=\"async\" class=\"aligncenter wp-image-308 size-full\" src=\"http:\/\/adelformation.com\/wp-content\/uploads\/2015\/03\/348.jpg\" alt=\"348\" width=\"589\" height=\"218\" srcset=\"https:\/\/adelformation.com\/wp-content\/uploads\/2015\/03\/348.jpg 589w, https:\/\/adelformation.com\/wp-content\/uploads\/2015\/03\/348-300x111.jpg 300w, https:\/\/adelformation.com\/wp-content\/uploads\/2015\/03\/348-100x37.jpg 100w\" sizes=\"auto, (max-width: 589px) 100vw, 589px\" \/><\/p>\n<p>Nous \u00e9ditons l&rsquo;application EUREK@ EXPORT\u00a0d\u00e9di\u00e9e aux techniques du commerce international.<\/p>\n<p>Cette application destin\u00e9e aux Smartphones et tablettes contient :<\/p>\n<ul>\n<li>Un ouvrage \u00e9lectronique de plusieurs centaines de pages (cr\u00e9dits documentaires, garanties bancaires, Incoterms)<\/li>\n<li>Un quiz permettant \u00e0 l&rsquo;utilisateur de tester son niveau en commerce international<\/li>\n<li>Une bo\u00eete \u00e0 outils<\/li>\n<\/ul>\n<p><a href=\"https:\/\/itunes.apple.com\/fr\/app\/eurek-export\/id564602868?mt=8\" target=\"_blank\"><img loading=\"lazy\" decoding=\"async\" class=\"item aligncenter wp-image-309 size-full\" src=\"http:\/\/adelformation.com\/wp-content\/uploads\/2015\/03\/animation12.gif\" alt=\"animation12\" width=\"300\" height=\"100\" \/><\/a>","protected":false},"excerpt":{"rendered":"<p>Nous \u00e9ditons l&rsquo;application EUREK@ EXPORT\u00a0d\u00e9di\u00e9e aux techniques du commerce international. Cette application destin\u00e9e aux Smartphones et tablettes contient : Un ouvrage \u00e9lectronique de plusieurs centaines de pages (cr\u00e9dits documentaires, garanties bancaires, Incoterms) Un quiz permettant \u00e0 l&rsquo;utilisateur de tester son niveau en commerce international Une bo\u00eete \u00e0 outils<\/p>\n","protected":false},"author":1,"featured_media":0,"parent":194,"menu_order":0,"comment_status":"closed","ping_status":"closed","template":"","meta":{"footnotes":""},"class_list":["post-61","page","type-page","status-publish","hentry","no-post-thumbnail"],"_links":{"self":[{"href":"https:\/\/adelformation.com\/fr\/wp-json\/wp\/v2\/pages\/61","targetHints":{"allow":["GET"]}}],"collection":[{"href":"https:\/\/adelformation.com\/fr\/wp-json\/wp\/v2\/pages"}],"about":[{"href":"https:\/\/adelformation.com\/fr\/wp-json\/wp\/v2\/types\/page"}],"author":[{"embeddable":true,"href":"https:\/\/adelformation.com\/fr\/wp-json\/wp\/v2\/users\/1"}],"replies":[{"embeddable":true,"href":"https:\/\/adelformation.com\/fr\/wp-json\/wp\/v2\/comments?post=61"}],"version-history":[{"count":9,"href":"https:\/\/adelformation.com\/fr\/wp-json\/wp\/v2\/pages\/61\/revisions"}],"predecessor-version":[{"id":789,"href":"https:\/\/adelformation.com\/fr\/wp-json\/wp\/v2\/pages\/61\/revisions\/789"}],"up":[{"embeddable":true,"href":"https:\/\/adelformation.com\/fr\/wp-json\/wp\/v2\/pages\/194"}],"wp:attachment":[{"href":"https:\/\/adelformation.com\/fr\/wp-json\/wp\/v2\/media?parent=61"}],"curies":[{"name":"wp","href":"https:\/\/api.w.org\/{rel}","templated":true}]}}