{"id":72,"date":"2015-03-03T13:12:44","date_gmt":"2015-03-03T13:12:44","guid":{"rendered":"http:\/\/adelformation.com\/fr\/?page_id=72"},"modified":"2015-04-17T08:56:51","modified_gmt":"2015-04-17T08:56:51","slug":"champs-dintervention","status":"publish","type":"page","link":"https:\/\/adelformation.com\/fr\/accueil\/prestations\/assistance-import-export-2\/champs-d-intervention-1\/","title":{"rendered":"Champs d&rsquo;intervention"},"content":{"rendered":"<a href=\"http:\/\/adelformation.com\/wp-content\/uploads\/2015\/04\/Fotolia_20549086_S-incoterms-3-cr\u00e9dits-redimensionn\u00e9e-par-ange.jpg\"><img loading=\"lazy\" decoding=\"async\" class=\"aligncenter wp-image-848 size-full\" src=\"http:\/\/adelformation.com\/wp-content\/uploads\/2015\/04\/Fotolia_20549086_S-incoterms-3-cr\u00e9dits-redimensionn\u00e9e-par-ange.jpg\" alt=\"Freight Business\" width=\"589\" height=\"218\" srcset=\"https:\/\/adelformation.com\/wp-content\/uploads\/2015\/04\/Fotolia_20549086_S-incoterms-3-cr\u00e9dits-redimensionn\u00e9e-par-ange.jpg 589w, https:\/\/adelformation.com\/wp-content\/uploads\/2015\/04\/Fotolia_20549086_S-incoterms-3-cr\u00e9dits-redimensionn\u00e9e-par-ange-300x111.jpg 300w, https:\/\/adelformation.com\/wp-content\/uploads\/2015\/04\/Fotolia_20549086_S-incoterms-3-cr\u00e9dits-redimensionn\u00e9e-par-ange-100x37.jpg 100w\" sizes=\"auto, (max-width: 589px) 100vw, 589px\" \/><\/a><\/p>\n<p>ADEL FORMATION intervient sur les probl\u00e9matiques classiques des proc\u00e9dures du Commerce International (Paiement, financement, gestion des risques, aspects juridiques, marketing international, transport) \u00a0dont le d\u00e9tail est indiqu\u00e9 ci-dessous.<\/p>\n<p>Dans le cadre d&rsquo;une prestation d&rsquo;assistance, nos experts vous assistent ou prennent compl\u00e8tement en charge vos proc\u00e9dures import-export.<\/p>\n<p>L&rsquo;intervention de nos experts permet \u00e0 l&rsquo;entreprise de r\u00e9aliser des \u00e9conomies substantielles :<\/p>\n<p><strong><br \/>\n<\/strong><strong>De temps<\/strong> dans les proc\u00e9dures par une gestion optimale des dossiers<\/p>\n<p><strong>De personnel<\/strong> : aucune entreprise ne peut salarier \u00e0 plein temps l&rsquo;ensemble des sp\u00e9cialistes n\u00e9cessaires \u00e0 la gestion goblale d&rsquo;une op\u00e9ration internationale<\/p>\n<p><strong>D&rsquo;argent<\/strong> : la ma\u00eetrise des techniques et proc\u00e9dures par nos experts permettant d&rsquo;\u00e9viter :<\/p>\n<ul>\n<li>Les surco\u00fbts (surestaries) li\u00e9s au transport international,<\/li>\n<li>Les p\u00e9nalit\u00e9s contractuelles r\u00e9sultant d\u2019un contrat ou d\u2019un transport mal ma\u00eetris\u00e9,<\/li>\n<li>Les frais financiers insuffisamment planifi\u00e9s (r\u00e9duction d&rsquo;environ 10 \u00e0 20 %),<\/li>\n<li>Les risques d\u2019impay\u00e9s ou de pertes r\u00e9sultant de moyens de paiement inadapt\u00e9s<\/li>\n<\/ul>\n<p>Mais aussi de pr\u00e9server son image de marque : Le respect des vos obligations contractuelles et de vos d\u00e9lais vous permettront de gagner en cr\u00e9dibilit\u00e9 vis-\u00e0-vis de vos fournisseurs ou clients.<\/p>\n<p><strong><br \/>\n<\/strong><strong>Techniques de paiement et garanties bancaires<\/strong><\/p>\n<ul>\n<li>Cr\u00e9dit documentaire, remise documentaire,<\/li>\n<li>Cr\u00e9dit transf\u00e9rable, back-to-back,<\/li>\n<li>L\/C standby,<\/li>\n<li>Garantie \u00e0 premi\u00e8re demande,<\/li>\n<li>Cautions de march\u00e9 : garantie de bonne ex\u00e9cution, de restitution d\u2019acompte, de dispense de retenue de garantie\u2026<strong><br \/>\n<\/strong><\/li>\n<\/ul>\n<p><strong><br \/>\n<\/strong><strong>Contrats<\/strong><\/p>\n<ul>\n<li>Termes et conditions de ventes, choix des modes de paiements,<\/li>\n<li>Choix des Incoterms,<\/li>\n<li>Entr\u00e9e en vigueur des contrats,<\/li>\n<li>Transfert de propri\u00e9t\u00e9,<\/li>\n<li>Gestion de quotas import-export,<\/li>\n<li>Recherche de fournisseurs ou de partenaires,<\/li>\n<\/ul>\n<p><strong><br \/>\n<\/strong><strong>Appels d\u2019offres<\/strong><\/p>\n<ul>\n<li>Analyse du cahier des charges (\u00e9valuation des risques et des implications financi\u00e8res, logistiques et techniques),<\/li>\n<li>R\u00e9daction de la soumission et mise en place des cautions de march\u00e9,<\/li>\n<li>Couverture des diff\u00e9rents risques (assurance-cr\u00e9dit, risque de change\u2026),<\/li>\n<\/ul>\n<p><strong><br \/>\n<\/strong><strong>Financement et risque de paiement<\/strong><\/p>\n<ul>\n<li>Recherches de financements publics ou priv\u00e9s,<\/li>\n<li>Couverture du risque de change,<\/li>\n<li>Recherche d\u2019une solution de financement ou de couverture du risque de non-paiement (cr\u00e9dit acheteur, forfaitage, factoring, assurance-cr\u00e9dit, confirmation, contre-garantie),<\/li>\n<li>Gestion des encours clients et des risques financiers,<\/li>\n<li>Exposition bancaire, bank rating et ranking,<\/li>\n<\/ul>\n<p><strong><br \/>\n<\/strong><strong>Transport et logistique\u00a0\u00a0<\/strong><\/p>\n<ul>\n<li>Elaboration et mise en place d\u2019une solution transport,<\/li>\n<li>Recherche d\u2019informations r\u00e9glementaires ou douani\u00e8res,<\/li>\n<li>N\u00e9gociation de contrats d\u2019affr\u00e8tement de navires,<\/li>\n<\/ul>","protected":false},"excerpt":{"rendered":"<p>ADEL FORMATION intervient sur les probl\u00e9matiques classiques des proc\u00e9dures du Commerce International (Paiement, financement, gestion des risques, aspects juridiques, marketing international, transport) \u00a0dont le d\u00e9tail est indiqu\u00e9 ci-dessous. Dans le cadre d&rsquo;une prestation d&rsquo;assistance, nos experts vous assistent ou prennent compl\u00e8tement en charge vos proc\u00e9dures import-export. L&rsquo;intervention de nos experts permet \u00e0 l&rsquo;entreprise de r\u00e9aliser des \u00e9conomies substantielles : De &#8230; <\/p>\n<div><a href=\"https:\/\/adelformation.com\/fr\/accueil\/prestations\/assistance-import-export-2\/champs-d-intervention-1\/\" class=\"more-link\">Read More<\/a><\/div>\n","protected":false},"author":1,"featured_media":0,"parent":206,"menu_order":0,"comment_status":"closed","ping_status":"closed","template":"","meta":{"footnotes":""},"class_list":["post-72","page","type-page","status-publish","hentry","no-post-thumbnail"],"_links":{"self":[{"href":"https:\/\/adelformation.com\/fr\/wp-json\/wp\/v2\/pages\/72","targetHints":{"allow":["GET"]}}],"collection":[{"href":"https:\/\/adelformation.com\/fr\/wp-json\/wp\/v2\/pages"}],"about":[{"href":"https:\/\/adelformation.com\/fr\/wp-json\/wp\/v2\/types\/page"}],"author":[{"embeddable":true,"href":"https:\/\/adelformation.com\/fr\/wp-json\/wp\/v2\/users\/1"}],"replies":[{"embeddable":true,"href":"https:\/\/adelformation.com\/fr\/wp-json\/wp\/v2\/comments?post=72"}],"version-history":[{"count":8,"href":"https:\/\/adelformation.com\/fr\/wp-json\/wp\/v2\/pages\/72\/revisions"}],"predecessor-version":[{"id":763,"href":"https:\/\/adelformation.com\/fr\/wp-json\/wp\/v2\/pages\/72\/revisions\/763"}],"up":[{"embeddable":true,"href":"https:\/\/adelformation.com\/fr\/wp-json\/wp\/v2\/pages\/206"}],"wp:attachment":[{"href":"https:\/\/adelformation.com\/fr\/wp-json\/wp\/v2\/media?parent=72"}],"curies":[{"name":"wp","href":"https:\/\/api.w.org\/{rel}","templated":true}]}}