{"id":80,"date":"2015-03-03T13:18:39","date_gmt":"2015-03-03T13:18:39","guid":{"rendered":"http:\/\/adelformation.com\/fr\/?page_id=80"},"modified":"2015-04-03T23:35:32","modified_gmt":"2015-04-03T23:35:32","slug":"assistance-lc-import","status":"publish","type":"page","link":"https:\/\/adelformation.com\/fr\/accueil\/prestations\/credit-documentaire-2\/assistance-l-c-import\/","title":{"rendered":"Assistance L\/C import"},"content":{"rendered":"<img loading=\"lazy\" decoding=\"async\" class=\"aligncenter wp-image-340 size-full\" src=\"http:\/\/adelformation.com\/wp-content\/uploads\/2015\/03\/325-1.jpg\" alt=\"325-1\" width=\"589\" height=\"218\" srcset=\"https:\/\/adelformation.com\/wp-content\/uploads\/2015\/03\/325-1.jpg 589w, https:\/\/adelformation.com\/wp-content\/uploads\/2015\/03\/325-1-300x111.jpg 300w, https:\/\/adelformation.com\/wp-content\/uploads\/2015\/03\/325-1-100x37.jpg 100w\" sizes=\"auto, (max-width: 589px) 100vw, 589px\" \/><\/p>\n<p>ADEL FORMATION vous assiste dans la r\u00e9daction de vos cr\u00e9dits import.<\/p>\n<p style=\"text-align: justify;\">Apr\u00e8s la signature d\u2019un contrat d\u2019assistance, vous nous adressez par fax ou par email, la facture pro forma ou le contrat sign\u00e9 avec votre fournisseur.<\/p>\n<p style=\"text-align: justify;\">Nous prenons alors en charge, dans les meilleurs d\u00e9lais, la r\u00e9daction de l\u2019accr\u00e9ditif qui sera adress\u00e9 \u00e0 votre banquier.<\/p>\n<p style=\"text-align: justify;\">Nous assurons, bien entendu, la compl\u00e8te confidentialit\u00e9 des documents ou donn\u00e9es qui nous seront communiqu\u00e9s.<\/p>\n<ul>\n<li style=\"text-align: justify;\">Cr\u00e9dit documentaire ouvert en conformit\u00e9 avec les termes du contrat,<\/li>\n<li style=\"text-align: justify;\">Un libell\u00e9 soigneusement \u00e9tudi\u00e9 pour \u00e9viter toute contradiction ou ambigu\u00eft\u00e9<\/li>\n<li style=\"text-align: justify;\">Evite des discussions ult\u00e9rieures avec le fournisseur pour d\u2019\u00e9ventuels amendements,<\/li>\n<li style=\"text-align: justify;\">Evite d&rsquo;\u00e9ventuels retards dans l\u2019ex\u00e9cution du contrat du c\u00f4t\u00e9 fournisseur,<\/li>\n<li style=\"text-align: justify;\">Notre assistance vous permettra d&rsquo;obtenir des avances pour lancer votre fabrication et financer vos achats de mati\u00e8res premi\u00e8res<\/li>\n<li style=\"text-align: justify;\">R\u00e9duction des frais bancaires et financiers par une gestion professionnelle du fait de notre exp\u00e9rience au sein des banques au niveau des d\u00e9partements cr\u00e9dits documentaires,<\/li>\n<\/ul>","protected":false},"excerpt":{"rendered":"<p>ADEL FORMATION vous assiste dans la r\u00e9daction de vos cr\u00e9dits import. Apr\u00e8s la signature d\u2019un contrat d\u2019assistance, vous nous adressez par fax ou par email, la facture pro forma ou le contrat sign\u00e9 avec votre fournisseur. Nous prenons alors en charge, dans les meilleurs d\u00e9lais, la r\u00e9daction de l\u2019accr\u00e9ditif qui sera adress\u00e9 \u00e0 votre banquier. Nous assurons, bien entendu, la &#8230; <\/p>\n<div><a href=\"https:\/\/adelformation.com\/fr\/accueil\/prestations\/credit-documentaire-2\/assistance-l-c-import\/\" class=\"more-link\">Read More<\/a><\/div>\n","protected":false},"author":1,"featured_media":0,"parent":211,"menu_order":0,"comment_status":"closed","ping_status":"closed","template":"","meta":{"footnotes":""},"class_list":["post-80","page","type-page","status-publish","hentry","no-post-thumbnail"],"_links":{"self":[{"href":"https:\/\/adelformation.com\/fr\/wp-json\/wp\/v2\/pages\/80","targetHints":{"allow":["GET"]}}],"collection":[{"href":"https:\/\/adelformation.com\/fr\/wp-json\/wp\/v2\/pages"}],"about":[{"href":"https:\/\/adelformation.com\/fr\/wp-json\/wp\/v2\/types\/page"}],"author":[{"embeddable":true,"href":"https:\/\/adelformation.com\/fr\/wp-json\/wp\/v2\/users\/1"}],"replies":[{"embeddable":true,"href":"https:\/\/adelformation.com\/fr\/wp-json\/wp\/v2\/comments?post=80"}],"version-history":[{"count":8,"href":"https:\/\/adelformation.com\/fr\/wp-json\/wp\/v2\/pages\/80\/revisions"}],"predecessor-version":[{"id":774,"href":"https:\/\/adelformation.com\/fr\/wp-json\/wp\/v2\/pages\/80\/revisions\/774"}],"up":[{"embeddable":true,"href":"https:\/\/adelformation.com\/fr\/wp-json\/wp\/v2\/pages\/211"}],"wp:attachment":[{"href":"https:\/\/adelformation.com\/fr\/wp-json\/wp\/v2\/media?parent=80"}],"curies":[{"name":"wp","href":"https:\/\/api.w.org\/{rel}","templated":true}]}}