{"id":82,"date":"2015-03-03T13:19:34","date_gmt":"2015-03-03T13:19:34","guid":{"rendered":"http:\/\/adelformation.com\/fr\/?page_id=82"},"modified":"2015-04-17T12:42:47","modified_gmt":"2015-04-17T12:42:47","slug":"assistance-lc-export","status":"publish","type":"page","link":"https:\/\/adelformation.com\/fr\/accueil\/prestations\/credit-documentaire-2\/assistance-l-c-export\/","title":{"rendered":"Assistance L\/C export"},"content":{"rendered":"<a href=\"http:\/\/adelformation.com\/wp-content\/uploads\/2015\/03\/381.jpg\"><img loading=\"lazy\" decoding=\"async\" class=\"aligncenter wp-image-404 size-full\" src=\"http:\/\/adelformation.com\/wp-content\/uploads\/2015\/03\/381.jpg\" alt=\"381\" width=\"589\" height=\"218\" srcset=\"https:\/\/adelformation.com\/wp-content\/uploads\/2015\/03\/381.jpg 589w, https:\/\/adelformation.com\/wp-content\/uploads\/2015\/03\/381-300x111.jpg 300w, https:\/\/adelformation.com\/wp-content\/uploads\/2015\/03\/381-100x37.jpg 100w\" sizes=\"auto, (max-width: 589px) 100vw, 589px\" \/><\/a><\/p>\n<p><strong>Simplifiez la gestion de vos cr\u00e9dits export !<\/strong><br \/>\n<strong> <a href=\"http:\/\/adelformation.com\/wp-content\/uploads\/2015\/03\/processus.png\"><img loading=\"lazy\" decoding=\"async\" class=\" wp-image-825 size-full aligncenter\" src=\"http:\/\/adelformation.com\/wp-content\/uploads\/2015\/03\/processus.png\" alt=\"processus\" width=\"682\" height=\"148\" srcset=\"https:\/\/adelformation.com\/wp-content\/uploads\/2015\/03\/processus.png 682w, https:\/\/adelformation.com\/wp-content\/uploads\/2015\/03\/processus-300x65.png 300w, https:\/\/adelformation.com\/wp-content\/uploads\/2015\/03\/processus-600x130.png 600w, https:\/\/adelformation.com\/wp-content\/uploads\/2015\/03\/processus-100x22.png 100w\" sizes=\"auto, (max-width: 682px) 100vw, 682px\" \/><\/a><\/strong><\/p>\n<p style=\"text-align: justify;\">ADEL FORMATION vous assiste dans toute la proc\u00e9dure du cr\u00e9dit documentaire export. Cette assistance interviendra de la mani\u00e8re suivante :<\/p>\n<p style=\"text-align: justify;\"><strong>Etape 1 : Analyse et recommandations sur votre cr\u00e9dit documentaire<\/strong><br \/>\nApr\u00e8s la signature d\u2019un contrat d\u2019assistance, vous nous adressez votre cr\u00e9dit documentaire par fax ou par email.<br \/>\nApr\u00e8s r\u00e9ception, nous nous engageons, \u00e0 vous adresser, par email, nos commentaires d\u00e9taill\u00e9s, dans les meilleurs d\u00e9lais, ainsi que nos recommandations pour un bon d\u00e9roulement de la proc\u00e9dure avec votre fournisseur et en conformit\u00e9 avec les RUU 600.<\/p>\n<p style=\"text-align: justify;\"><strong>Etape 2 : Apr\u00e8s ex\u00e9cution du contrat, nous prenons en charge la proc\u00e9dure jusqu\u2019au paiement du cr\u00e9dit<\/strong><br \/>\nPr\u00e9paration ou correction de vos documents (facture, packing list, B\/L\u2026) sous forme \u00e9lectronique (documents adress\u00e9s par email)<\/p>\n<p style=\"text-align: justify;\">Contacts avec les op\u00e9rateurs concern\u00e9s, en votre nom et en parfaite transparence :<\/p>\n<ul style=\"text-align: justify;\">\n<li>Transporteur : organisation du transport et pr\u00e9paration des documents de transport en conformit\u00e9 avec les termes du cr\u00e9dit<\/li>\n<li>Chambres de commerce, organismes de contr\u00f4le, assureurs\u2026 : nous adressons les instructions aux diff\u00e9rents op\u00e9rateurs en vue de pr\u00e9parer les documents en stricte conformit\u00e9 avec les termes du cr\u00e9dit<\/li>\n<\/ul>\n<p style=\"text-align: justify;\">Au moment de la r\u00e9alisation du cr\u00e9dit, \u00a0nous prenons compl\u00e8tement en charge votre dossier aupr\u00e8s du banquier r\u00e9alisateur.<br \/>\nDans tous les cas de figure, nous assurons, bien entendu, la parfaite confidentialit\u00e9 des documents ou donn\u00e9es qui nous seront communiqu\u00e9s.<\/p>\n<p style=\"text-align: justify;\">Ce service va vous permettre d&rsquo;assurer le bon d\u00e9roulement du traitement de vos Cr\u00e9dits Documentaires, en \u00e9vitant de supporter des surco\u00fbts ou\u00a0des commissions bancaires tr\u00e8s lourds en cas de r\u00e9alisation irr\u00e9guli\u00e8re et de lib\u00e9rer les commandes au b\u00e9n\u00e9fice de vos clients sans d\u00e9lais\u00a0suppl\u00e9mentaire :<\/p>\n<ul>\n<li style=\"text-align: justify;\">Surco\u00fbts (surestaries) li\u00e9s au transport international,<\/li>\n<li style=\"text-align: justify;\">P\u00e9nalit\u00e9s contractuelles r\u00e9sultant d\u2019un retard de livraison,<\/li>\n<li style=\"text-align: justify;\">Frais financiers impr\u00e9vus,<\/li>\n<li style=\"text-align: justify;\">Risques financiers r\u00e9sultant de moyens de paiement inadapt\u00e9s,<\/li>\n<li style=\"text-align: justify;\">Commissions bancaires pour documents irr\u00e9guliers,<\/li>\n<\/ul>","protected":false},"excerpt":{"rendered":"<p>Simplifiez la gestion de vos cr\u00e9dits export ! ADEL FORMATION vous assiste dans toute la proc\u00e9dure du cr\u00e9dit documentaire export. Cette assistance interviendra de la mani\u00e8re suivante : Etape 1 : Analyse et recommandations sur votre cr\u00e9dit documentaire Apr\u00e8s la signature d\u2019un contrat d\u2019assistance, vous nous adressez votre cr\u00e9dit documentaire par fax ou par email. Apr\u00e8s r\u00e9ception, nous nous engageons, &#8230; <\/p>\n<div><a href=\"https:\/\/adelformation.com\/fr\/accueil\/prestations\/credit-documentaire-2\/assistance-l-c-export\/\" class=\"more-link\">Read More<\/a><\/div>\n","protected":false},"author":1,"featured_media":0,"parent":211,"menu_order":0,"comment_status":"closed","ping_status":"closed","template":"","meta":{"footnotes":""},"class_list":["post-82","page","type-page","status-publish","hentry","no-post-thumbnail"],"_links":{"self":[{"href":"https:\/\/adelformation.com\/fr\/wp-json\/wp\/v2\/pages\/82","targetHints":{"allow":["GET"]}}],"collection":[{"href":"https:\/\/adelformation.com\/fr\/wp-json\/wp\/v2\/pages"}],"about":[{"href":"https:\/\/adelformation.com\/fr\/wp-json\/wp\/v2\/types\/page"}],"author":[{"embeddable":true,"href":"https:\/\/adelformation.com\/fr\/wp-json\/wp\/v2\/users\/1"}],"replies":[{"embeddable":true,"href":"https:\/\/adelformation.com\/fr\/wp-json\/wp\/v2\/comments?post=82"}],"version-history":[{"count":15,"href":"https:\/\/adelformation.com\/fr\/wp-json\/wp\/v2\/pages\/82\/revisions"}],"predecessor-version":[{"id":880,"href":"https:\/\/adelformation.com\/fr\/wp-json\/wp\/v2\/pages\/82\/revisions\/880"}],"up":[{"embeddable":true,"href":"https:\/\/adelformation.com\/fr\/wp-json\/wp\/v2\/pages\/211"}],"wp:attachment":[{"href":"https:\/\/adelformation.com\/fr\/wp-json\/wp\/v2\/media?parent=82"}],"curies":[{"name":"wp","href":"https:\/\/api.w.org\/{rel}","templated":true}]}}