{"id":84,"date":"2015-03-03T13:20:24","date_gmt":"2015-03-03T13:20:24","guid":{"rendered":"http:\/\/adelformation.com\/fr\/?page_id=84"},"modified":"2015-04-03T23:31:46","modified_gmt":"2015-04-03T23:31:46","slug":"assistance-garantie-bancaire","status":"publish","type":"page","link":"https:\/\/adelformation.com\/fr\/accueil\/prestations\/credit-documentaire-2\/assistance-garantie-bancaire\/","title":{"rendered":"Assistance garantie bancaire"},"content":{"rendered":"<img loading=\"lazy\" decoding=\"async\" class=\"aligncenter wp-image-342 size-full\" src=\"http:\/\/adelformation.com\/wp-content\/uploads\/2015\/03\/327.jpg\" alt=\"327\" width=\"589\" height=\"218\" srcset=\"https:\/\/adelformation.com\/wp-content\/uploads\/2015\/03\/327.jpg 589w, https:\/\/adelformation.com\/wp-content\/uploads\/2015\/03\/327-300x111.jpg 300w, https:\/\/adelformation.com\/wp-content\/uploads\/2015\/03\/327-100x37.jpg 100w\" sizes=\"auto, (max-width: 589px) 100vw, 589px\" \/><\/p>\n<p><strong>GARANTIE BANCAIRE<\/strong><\/p>\n<p style=\"text-align: justify;\">Dans le contexte actuel de globalisation o\u00f9 la concurrence fait rage, on assiste \u00e0 une complexification croissante des contrats industriels avec en toile de fond des relations contractuelles empreintes de m\u00e9fiance.<\/p>\n<p style=\"text-align: justify;\">Dans ce contexte, Il n\u2019est pas rare que l\u2019exportateur soit amen\u00e9 \u00e0 mettre en place diff\u00e9rentes garanties bancaires, notamment dans le cadre des appels d\u2019offres internationaux, afin de garantir ses obligations pr\u00e9-contractuelles ou contractuelles :<\/p>\n<ul>\n<li>Garantie de soumission (bid bond),<\/li>\n<li>Garantie de restitution d\u2019acompte (advance payment guarantee),<\/li>\n<li>Garantie de bonne ex\u00e9cution (performance bond),<\/li>\n<li>Garantie de maintenance (retention money guarantee),<\/li>\n<li>Garantie de d\u00e9couvert local<\/li>\n<li>Etc.<\/li>\n<\/ul>\n<p><strong>L\/C STANDBY<\/strong><\/p>\n<p style=\"text-align: justify;\">La L\/C standby est une technique de paiement dont l\u2019utilisation se d\u00e9veloppe de plus en plus. Elle pr\u00e9sente certains avantages (souplesse, r\u00e9duction des co\u00fbts, simplicit\u00e9\u2026) pour l\u2019exportateur et pour l\u2019importateur, notamment en cas d\u2019op\u00e9ration revolving et peut, dans certains cas, remplacement avantageusement le cr\u00e9dit documentaire classique.<\/p>\n<p style=\"text-align: justify;\">Par ailleurs la L\/C standby est un instrument dual dans la mesure o\u00f9 elle peut \u00eatre utilis\u00e9e non seulement comme une garantie de paiement, mais \u00e9galement comme garantie de march\u00e9.<\/p>\n<p style=\"text-align: justify;\">Les Experts d&rsquo;ADEL FORMATION vous forment, vous assistent ou prennent compl\u00e8tement en charge, la mise en place ainsi que le suivi des vos garanties bancaires et L\/C standby.<\/p>","protected":false},"excerpt":{"rendered":"<p>GARANTIE BANCAIRE Dans le contexte actuel de globalisation o\u00f9 la concurrence fait rage, on assiste \u00e0 une complexification croissante des contrats industriels avec en toile de fond des relations contractuelles empreintes de m\u00e9fiance. Dans ce contexte, Il n\u2019est pas rare que l\u2019exportateur soit amen\u00e9 \u00e0 mettre en place diff\u00e9rentes garanties bancaires, notamment dans le cadre des appels d\u2019offres internationaux, afin &#8230; <\/p>\n<div><a href=\"https:\/\/adelformation.com\/fr\/accueil\/prestations\/credit-documentaire-2\/assistance-garantie-bancaire\/\" class=\"more-link\">Read More<\/a><\/div>\n","protected":false},"author":1,"featured_media":0,"parent":211,"menu_order":0,"comment_status":"closed","ping_status":"closed","template":"","meta":{"footnotes":""},"class_list":["post-84","page","type-page","status-publish","hentry","no-post-thumbnail"],"_links":{"self":[{"href":"https:\/\/adelformation.com\/fr\/wp-json\/wp\/v2\/pages\/84","targetHints":{"allow":["GET"]}}],"collection":[{"href":"https:\/\/adelformation.com\/fr\/wp-json\/wp\/v2\/pages"}],"about":[{"href":"https:\/\/adelformation.com\/fr\/wp-json\/wp\/v2\/types\/page"}],"author":[{"embeddable":true,"href":"https:\/\/adelformation.com\/fr\/wp-json\/wp\/v2\/users\/1"}],"replies":[{"embeddable":true,"href":"https:\/\/adelformation.com\/fr\/wp-json\/wp\/v2\/comments?post=84"}],"version-history":[{"count":6,"href":"https:\/\/adelformation.com\/fr\/wp-json\/wp\/v2\/pages\/84\/revisions"}],"predecessor-version":[{"id":769,"href":"https:\/\/adelformation.com\/fr\/wp-json\/wp\/v2\/pages\/84\/revisions\/769"}],"up":[{"embeddable":true,"href":"https:\/\/adelformation.com\/fr\/wp-json\/wp\/v2\/pages\/211"}],"wp:attachment":[{"href":"https:\/\/adelformation.com\/fr\/wp-json\/wp\/v2\/media?parent=84"}],"curies":[{"name":"wp","href":"https:\/\/api.w.org\/{rel}","templated":true}]}}