{"id":86,"date":"2015-03-03T13:22:30","date_gmt":"2015-03-03T13:22:30","guid":{"rendered":"http:\/\/adelformation.com\/fr\/?page_id=86"},"modified":"2015-04-03T23:38:43","modified_gmt":"2015-04-03T23:38:43","slug":"assistance-lc-transferable","status":"publish","type":"page","link":"https:\/\/adelformation.com\/fr\/accueil\/prestations\/credit-documentaire-2\/assistance-l-c-transferable\/","title":{"rendered":"Assistance L\/C transf\u00e9rable"},"content":{"rendered":"<a href=\"http:\/\/adelformation.com\/wp-content\/uploads\/2015\/03\/328.jpg\"><img loading=\"lazy\" decoding=\"async\" class=\"aligncenter wp-image-344 size-full\" src=\"http:\/\/adelformation.com\/wp-content\/uploads\/2015\/03\/328.jpg\" alt=\"328\" width=\"589\" height=\"218\" srcset=\"https:\/\/adelformation.com\/wp-content\/uploads\/2015\/03\/328.jpg 589w, https:\/\/adelformation.com\/wp-content\/uploads\/2015\/03\/328-300x111.jpg 300w, https:\/\/adelformation.com\/wp-content\/uploads\/2015\/03\/328-100x37.jpg 100w\" sizes=\"auto, (max-width: 589px) 100vw, 589px\" \/><\/a><\/p>\n<p style=\"text-align: justify;\">Le montage d\u2019une op\u00e9ration triangulaire est toujours une op\u00e9ration d\u00e9licate, car n\u00e9cessitant la n\u00e9gociation d\u2019un double contrat d\u2019achat et de revente et parfois \u00e9galement \u00a0la n\u00e9gociation d\u2019un contrat de transport, ou d\u2019affr\u00e8tement maritime.<\/p>\n<p style=\"text-align: justify;\">Sur le plan financier, le montage d\u2019une op\u00e9ration de trading implique, en g\u00e9n\u00e9ral, la mise en place de cr\u00e9dits subsidiaires (cr\u00e9dit transf\u00e9rable ou back-to-back)<\/p>\n<p style=\"text-align: justify;\">Ces techniques de paiement sont assez complexes et n\u00e9cessitent une n\u00e9gociation synchronis\u00e9e du contrat d\u2019achat et de revente avec une anticipation de la chronologie des diff\u00e9rentes op\u00e9rations qui vont \u00eatre effectu\u00e9es et des diff\u00e9rentes implications logistiques et documentaires. Ce type d\u2019op\u00e9ration est g\u00e9n\u00e9ralement le fait d\u2019exportateurs exp\u00e9riment\u00e9s rompus aux techniques de paiement du commerce international.<\/p>\n<p style=\"text-align: justify;\">Les Experts d&rsquo;ADEL FORMATION prennent compl\u00e8tement en charge pour vous la mise en place de ce type d\u2019op\u00e9rations depuis la n\u00e9gociation des contrats commerciaux jusqu\u2019\u00e0 la r\u00e9alisation des cr\u00e9dits documentaires et le paiement de votre soci\u00e9t\u00e9.<\/p>","protected":false},"excerpt":{"rendered":"<p>Le montage d\u2019une op\u00e9ration triangulaire est toujours une op\u00e9ration d\u00e9licate, car n\u00e9cessitant la n\u00e9gociation d\u2019un double contrat d\u2019achat et de revente et parfois \u00e9galement \u00a0la n\u00e9gociation d\u2019un contrat de transport, ou d\u2019affr\u00e8tement maritime. Sur le plan financier, le montage d\u2019une op\u00e9ration de trading implique, en g\u00e9n\u00e9ral, la mise en place de cr\u00e9dits subsidiaires (cr\u00e9dit transf\u00e9rable ou back-to-back) Ces techniques de &#8230; <\/p>\n<div><a href=\"https:\/\/adelformation.com\/fr\/accueil\/prestations\/credit-documentaire-2\/assistance-l-c-transferable\/\" class=\"more-link\">Read More<\/a><\/div>\n","protected":false},"author":1,"featured_media":0,"parent":211,"menu_order":0,"comment_status":"closed","ping_status":"closed","template":"","meta":{"footnotes":""},"class_list":["post-86","page","type-page","status-publish","hentry","no-post-thumbnail"],"_links":{"self":[{"href":"https:\/\/adelformation.com\/fr\/wp-json\/wp\/v2\/pages\/86","targetHints":{"allow":["GET"]}}],"collection":[{"href":"https:\/\/adelformation.com\/fr\/wp-json\/wp\/v2\/pages"}],"about":[{"href":"https:\/\/adelformation.com\/fr\/wp-json\/wp\/v2\/types\/page"}],"author":[{"embeddable":true,"href":"https:\/\/adelformation.com\/fr\/wp-json\/wp\/v2\/users\/1"}],"replies":[{"embeddable":true,"href":"https:\/\/adelformation.com\/fr\/wp-json\/wp\/v2\/comments?post=86"}],"version-history":[{"count":7,"href":"https:\/\/adelformation.com\/fr\/wp-json\/wp\/v2\/pages\/86\/revisions"}],"predecessor-version":[{"id":776,"href":"https:\/\/adelformation.com\/fr\/wp-json\/wp\/v2\/pages\/86\/revisions\/776"}],"up":[{"embeddable":true,"href":"https:\/\/adelformation.com\/fr\/wp-json\/wp\/v2\/pages\/211"}],"wp:attachment":[{"href":"https:\/\/adelformation.com\/fr\/wp-json\/wp\/v2\/media?parent=86"}],"curies":[{"name":"wp","href":"https:\/\/api.w.org\/{rel}","templated":true}]}}