{"id":96,"date":"2015-03-03T13:28:53","date_gmt":"2015-03-03T13:28:53","guid":{"rendered":"http:\/\/adelformation.com\/fr\/?page_id=96"},"modified":"2023-01-02T15:01:41","modified_gmt":"2023-01-02T15:01:41","slug":"avis-dexpert","status":"publish","type":"page","link":"https:\/\/adelformation.com\/fr\/accueil\/prestations\/avis-dexpert\/","title":{"rendered":"Avis d\u2019expert"},"content":{"rendered":"<a href=\"http:\/\/adelformation.com\/wp-content\/uploads\/2015\/03\/PHOTO-2-Blois-une-conference-sur-l-innovation-a-l-international-chez-Procter-Gamble_large-d\u00e9coup\u00e9e.jpg\"><img loading=\"lazy\" decoding=\"async\" class=\"aligncenter wp-image-718 size-full\" src=\"http:\/\/adelformation.com\/wp-content\/uploads\/2015\/03\/PHOTO-2-Blois-une-conference-sur-l-innovation-a-l-international-chez-Procter-Gamble_large-d\u00e9coup\u00e9e.jpg\" alt=\"PHOTO 2 Blois-une-conference-sur-l-innovation-a-l-international-chez-Procter-Gamble_large d\u00e9coup\u00e9e\" width=\"589\" height=\"218\" srcset=\"https:\/\/adelformation.com\/wp-content\/uploads\/2015\/03\/PHOTO-2-Blois-une-conference-sur-l-innovation-a-l-international-chez-Procter-Gamble_large-d\u00e9coup\u00e9e.jpg 589w, https:\/\/adelformation.com\/wp-content\/uploads\/2015\/03\/PHOTO-2-Blois-une-conference-sur-l-innovation-a-l-international-chez-Procter-Gamble_large-d\u00e9coup\u00e9e-300x111.jpg 300w, https:\/\/adelformation.com\/wp-content\/uploads\/2015\/03\/PHOTO-2-Blois-une-conference-sur-l-innovation-a-l-international-chez-Procter-Gamble_large-d\u00e9coup\u00e9e-100x37.jpg 100w\" sizes=\"auto, (max-width: 589px) 100vw, 589px\" \/><\/a><\/p>\n<ul>\n<li><a href=\"https:\/\/www.adelformation.com\/wp-content\/uploads\/2015\/03\/le-credit-transferable-dans-les-op-de-negoce-int.pdf\">Le cr\u00e9dit transf\u00e9rable dans les op\u00e9rations de n\u00e9goce international<\/a><\/li>\n<li><a href=\"https:\/\/www.adelformation.com\/wp-content\/uploads\/2023\/01\/La-lettre-de-credit-standby.pdf\">La lettre de cr\u00e9dit standby<\/a><\/li>\n<li><a href=\"https:\/\/www.adelformation.com\/wp-content\/uploads\/2023\/01\/La-letter-of-indemnity-emise-dans-le-cadre-du-credit-documentaire.pdf\">La &lsquo;letter of Indeminity&rsquo; \u00e9mise dans le cadre du cr\u00e9dit documentaire<\/a><\/li>\n<li><a href=\"https:\/\/www.adelformation.com\/wp-content\/uploads\/2023\/01\/La-letter-of-indemnity-dans-le-transport-maritime.pdf\">La &lsquo;letter of indemnity&rsquo; dans le cadre du transport maritime<\/a><\/li>\n<li><a href=\"\/wp-content\/uploads\/2015\/03\/Comparatif-forfaitage-affacturage.pdf\">Comparatif forfaitage &#8211; affacturage<\/a><\/li>\n<li><a href=\"\/wp-content\/uploads\/2015\/03\/laffacturage-substitut-ou-outil-comple\u0301mentaire-a\u0300-lassurance-credit-.pdf\">L&rsquo;affacturage : substitut ou outil compl\u00e9mentaire \u00e0 l&rsquo;assurance-cr\u00e9dit ?<\/a><\/li>\n<li><a href=\"http:\/\/adelformation.com\/wp-content\/uploads\/2015\/03\/Les-r\u00e8gles-dor-pour-une-bonne-utilisation-des-Incoterms.pdf\">Les r\u00e8gles d&rsquo;or pour une bonne utilisation des Incoterms<\/a><\/li>\n<li><a href=\"\/wp-content\/uploads\/2015\/03\/Les-Incoterms-CFR-et-CIF-1.pdf\">Les Incoterms CIF et CFR<\/a><\/li>\n<li><a href=\"\/wp-content\/uploads\/2015\/03\/Lincoterm-FOB.pdf\">L&rsquo;Incoterm FOB<\/a><\/li>\n<li><a href=\"https:\/\/www.adelformation.com\/wp-content\/uploads\/2023\/01\/Comment-gerer-les-irregularites-dans-les-credits-documentaires.pdf\">Comment g\u00e9rer les irr\u00e9gularit\u00e9s dans les cr\u00e9dits documentaires ?<\/a><\/li>\n<li><a href=\"https:\/\/www.adelformation.com\/wp-content\/uploads\/2023\/01\/Les-cautions-de-marche.pdf\">Les cautions de march\u00e9<\/a><\/li>\n<li><a href=\"https:\/\/www.adelformation.com\/wp-content\/uploads\/2023\/01\/Le-controle-des-documents-a-presenter-dans-le-cadre-du-credit-documentaire.pdf\">Le contr\u00f4le des documents dans le cadre du cr\u00e9dit documentaire<\/a><\/li>\n<li><a href=\"https:\/\/www.adelformation.com\/wp-content\/uploads\/2023\/01\/la-redaction-de-la-clause-de-paiement-dans-les-contrats-internationaux.pdf\">La r\u00e9daction de la clause de paiement dans les contrats internationaux<\/a><\/li>\n<\/ul>","protected":false},"excerpt":{"rendered":"<p>Le cr\u00e9dit transf\u00e9rable dans les op\u00e9rations de n\u00e9goce international La lettre de cr\u00e9dit standby La &lsquo;letter of Indeminity&rsquo; \u00e9mise dans le cadre du cr\u00e9dit documentaire La &lsquo;letter of indemnity&rsquo; dans le cadre du transport maritime Comparatif forfaitage &#8211; affacturage L&rsquo;affacturage : substitut ou outil compl\u00e9mentaire \u00e0 l&rsquo;assurance-cr\u00e9dit ? Les r\u00e8gles d&rsquo;or pour une bonne utilisation des Incoterms Les Incoterms CIF &#8230; <\/p>\n<div><a href=\"https:\/\/adelformation.com\/fr\/accueil\/prestations\/avis-dexpert\/\" class=\"more-link\">Read More<\/a><\/div>\n","protected":false},"author":1,"featured_media":0,"parent":48,"menu_order":0,"comment_status":"closed","ping_status":"closed","template":"","meta":{"footnotes":""},"class_list":["post-96","page","type-page","status-publish","hentry","no-post-thumbnail"],"_links":{"self":[{"href":"https:\/\/adelformation.com\/fr\/wp-json\/wp\/v2\/pages\/96","targetHints":{"allow":["GET"]}}],"collection":[{"href":"https:\/\/adelformation.com\/fr\/wp-json\/wp\/v2\/pages"}],"about":[{"href":"https:\/\/adelformation.com\/fr\/wp-json\/wp\/v2\/types\/page"}],"author":[{"embeddable":true,"href":"https:\/\/adelformation.com\/fr\/wp-json\/wp\/v2\/users\/1"}],"replies":[{"embeddable":true,"href":"https:\/\/adelformation.com\/fr\/wp-json\/wp\/v2\/comments?post=96"}],"version-history":[{"count":20,"href":"https:\/\/adelformation.com\/fr\/wp-json\/wp\/v2\/pages\/96\/revisions"}],"predecessor-version":[{"id":1407,"href":"https:\/\/adelformation.com\/fr\/wp-json\/wp\/v2\/pages\/96\/revisions\/1407"}],"up":[{"embeddable":true,"href":"https:\/\/adelformation.com\/fr\/wp-json\/wp\/v2\/pages\/48"}],"wp:attachment":[{"href":"https:\/\/adelformation.com\/fr\/wp-json\/wp\/v2\/media?parent=96"}],"curies":[{"name":"wp","href":"https:\/\/api.w.org\/{rel}","templated":true}]}}